{"id":109,"date":"2015-12-14T12:29:38","date_gmt":"2015-12-14T11:29:38","guid":{"rendered":"http:\/\/schule-barlsheide.schulhomepages.hamburg.de\/?page_id=109"},"modified":"2025-03-06T11:51:14","modified_gmt":"2025-03-06T10:51:14","slug":"kollegium-und-schulleitung","status":"publish","type":"page","link":"https:\/\/schule-barlsheide.hamburg.de\/?page_id=109","title":{"rendered":"Kollegium und Schulleitung"},"content":{"rendered":"<p style=\"text-align: justify\"><span style=\"font-size: 12pt\"><strong>An unserer Schule arbeiten ca. 50 Lehrerinnen und Lehrer, Sonderschulp\u00e4dagoginnen und Sonderschulp\u00e4dagogen, Erzieherinnen und Erzieher und eine Sozialp\u00e4dagoginnen.<\/strong><br \/>\n<\/span><\/p>\n<p><strong><span style=\"font-size: 12pt\">Schulleitungsteam<\/span><\/strong>&nbsp;&nbsp;&nbsp;&nbsp;&nbsp;&nbsp;&nbsp;&nbsp;&nbsp;&nbsp;&nbsp;&nbsp;&nbsp;&nbsp;&nbsp;&nbsp;&nbsp;&nbsp;&nbsp;&nbsp;&nbsp;&nbsp;&nbsp;&nbsp;&nbsp;&nbsp;&nbsp;&nbsp;&nbsp;&nbsp;&nbsp;&nbsp;&nbsp;&nbsp;&nbsp;&nbsp;&nbsp;&nbsp;&nbsp;&nbsp;&nbsp;&nbsp;&nbsp;&nbsp;&nbsp;&nbsp;&nbsp;&nbsp;&nbsp;&nbsp;&nbsp;&nbsp;&nbsp;<\/p>\n<p align=\"justify\"><a href=\"https:\/\/schule-barlsheide.hamburg.de\/wp-content\/uploads\/sites\/209\/2023\/08\/chefinnen.jpg\" data-rel=\"lightbox\" data-rl_title=\"\" data-rl_caption=\"\" title=\"\"><img loading=\"lazy\" decoding=\"async\" class=\" wp-image-3797 alignleft\" src=\"https:\/\/schule-barlsheide.hamburg.de\/wp-content\/uploads\/sites\/209\/2023\/08\/chefinnen-300x200.jpg\" alt=\"\" width=\"314\" height=\"209\" srcset=\"https:\/\/schule-barlsheide.hamburg.de\/wp-content\/uploads\/sites\/209\/2023\/08\/chefinnen-300x200.jpg 300w, https:\/\/schule-barlsheide.hamburg.de\/wp-content\/uploads\/sites\/209\/2023\/08\/chefinnen-1024x683.jpg 1024w, https:\/\/schule-barlsheide.hamburg.de\/wp-content\/uploads\/sites\/209\/2023\/08\/chefinnen-768x512.jpg 768w, https:\/\/schule-barlsheide.hamburg.de\/wp-content\/uploads\/sites\/209\/2023\/08\/chefinnen-1536x1024.jpg 1536w, https:\/\/schule-barlsheide.hamburg.de\/wp-content\/uploads\/sites\/209\/2023\/08\/chefinnen.jpg 2048w\" sizes=\"auto, (max-width: 314px) 100vw, 314px\" \/><\/a><\/p>\n<div class=\"maintext\">\n<div class=\"maintext\">\n<p align=\"justify\">&nbsp; &nbsp; &nbsp; &nbsp; &nbsp; &nbsp; &nbsp; &nbsp; &nbsp; &nbsp; &nbsp; &nbsp; &nbsp; &nbsp; &nbsp; &nbsp; &nbsp; &nbsp; &nbsp; &nbsp; &nbsp;&nbsp;<\/p>\n<\/div>\n<p align=\"justify\">&nbsp;<\/p>\n<p style=\"text-align: justify\" align=\"justify\">&nbsp;<\/p>\n<\/div>\n<p style=\"text-align: left\">&nbsp;<\/p>\n<p>&nbsp;<\/p>\n<p style=\"text-align: left\">&nbsp;<\/p>\n<p>Frau Kammin &nbsp; &nbsp; &nbsp; &nbsp; Frau Bauhaus&nbsp;<\/p>\n<p><span style=\"font-size: 8pt\"><em>(stellv. Schulleitung)<\/em>&nbsp; &nbsp; &nbsp; &nbsp; &nbsp; &nbsp; &nbsp; &nbsp; &nbsp;<em>(Schulleitung)<\/em> <\/span><\/p>\n<h6>&nbsp;<\/h6>\n<h6><span style=\"font-size: 12pt\"><strong>Vorschulklassen<\/strong><\/span><\/h6>\n<h6>&nbsp;<a href=\"https:\/\/schule-barlsheide.hamburg.de\/?attachment_id=4304\" rel=\"attachment wp-att-4304\"><img loading=\"lazy\" decoding=\"async\" class=\"wp-image-4304 alignleft\" src=\"https:\/\/schule-barlsheide.hamburg.de\/wp-content\/uploads\/sites\/209\/2024\/10\/IMG_9974-2-232x300.jpeg\" alt=\"\" width=\"251\" height=\"325\" srcset=\"https:\/\/schule-barlsheide.hamburg.de\/wp-content\/uploads\/sites\/209\/2024\/10\/IMG_9974-2-232x300.jpeg 232w, https:\/\/schule-barlsheide.hamburg.de\/wp-content\/uploads\/sites\/209\/2024\/10\/IMG_9974-2-793x1024.jpeg 793w, https:\/\/schule-barlsheide.hamburg.de\/wp-content\/uploads\/sites\/209\/2024\/10\/IMG_9974-2-768x991.jpeg 768w, https:\/\/schule-barlsheide.hamburg.de\/wp-content\/uploads\/sites\/209\/2024\/10\/IMG_9974-2-1190x1536.jpeg 1190w, https:\/\/schule-barlsheide.hamburg.de\/wp-content\/uploads\/sites\/209\/2024\/10\/IMG_9974-2.jpeg 1462w\" sizes=\"auto, (max-width: 251px) 100vw, 251px\" \/><\/a><\/h6>\n<h6>&nbsp;<\/h6>\n<h6>&nbsp;<\/h6>\n<h6>&nbsp;<\/h6>\n<h6>&nbsp;<\/h6>\n<h6>&nbsp;<\/h6>\n<h6>&nbsp;<\/h6>\n<h6>&nbsp;<\/h6>\n<h6>&nbsp;<\/h6>\n<h6><span style=\"font-size: 12pt\"><strong>Jahrgang 1<\/strong><\/span><\/h6>\n<p><a href=\"https:\/\/schule-barlsheide.hamburg.de\/?attachment_id=4307\" rel=\"attachment wp-att-4307\"><img loading=\"lazy\" decoding=\"async\" class=\"size-medium wp-image-4307 alignleft\" src=\"https:\/\/schule-barlsheide.hamburg.de\/wp-content\/uploads\/sites\/209\/2024\/10\/DSC_6497-300x197.jpeg\" alt=\"\" width=\"300\" height=\"197\" srcset=\"https:\/\/schule-barlsheide.hamburg.de\/wp-content\/uploads\/sites\/209\/2024\/10\/DSC_6497-300x197.jpeg 300w, https:\/\/schule-barlsheide.hamburg.de\/wp-content\/uploads\/sites\/209\/2024\/10\/DSC_6497-1024x673.jpeg 1024w, https:\/\/schule-barlsheide.hamburg.de\/wp-content\/uploads\/sites\/209\/2024\/10\/DSC_6497-768x505.jpeg 768w, https:\/\/schule-barlsheide.hamburg.de\/wp-content\/uploads\/sites\/209\/2024\/10\/DSC_6497-1536x1010.jpeg 1536w, https:\/\/schule-barlsheide.hamburg.de\/wp-content\/uploads\/sites\/209\/2024\/10\/DSC_6497.jpeg 2048w\" sizes=\"auto, (max-width: 300px) 100vw, 300px\" \/><\/a><\/p>\n<h6>&nbsp;<\/h6>\n<h6>&nbsp;<\/h6>\n<h6>&nbsp;<\/h6>\n<h6>&nbsp;<\/h6>\n<h6>&nbsp;<\/h6>\n<h6>&nbsp;<\/h6>\n<h6><span style=\"font-size: 12pt\"><strong>Jahrgang 2<\/strong><\/span><\/h6>\n<p style=\"text-align: center\"><a href=\"https:\/\/schule-barlsheide.hamburg.de\/?attachment_id=4309\" rel=\"attachment wp-att-4309\"><img loading=\"lazy\" decoding=\"async\" class=\"size-medium wp-image-4309 alignleft\" src=\"https:\/\/schule-barlsheide.hamburg.de\/wp-content\/uploads\/sites\/209\/2024\/10\/DSC_6561-226x300.jpeg\" alt=\"\" width=\"226\" height=\"300\" srcset=\"https:\/\/schule-barlsheide.hamburg.de\/wp-content\/uploads\/sites\/209\/2024\/10\/DSC_6561-226x300.jpeg 226w, https:\/\/schule-barlsheide.hamburg.de\/wp-content\/uploads\/sites\/209\/2024\/10\/DSC_6561-772x1024.jpeg 772w, https:\/\/schule-barlsheide.hamburg.de\/wp-content\/uploads\/sites\/209\/2024\/10\/DSC_6561-768x1019.jpeg 768w, https:\/\/schule-barlsheide.hamburg.de\/wp-content\/uploads\/sites\/209\/2024\/10\/DSC_6561-1157x1536.jpeg 1157w, https:\/\/schule-barlsheide.hamburg.de\/wp-content\/uploads\/sites\/209\/2024\/10\/DSC_6561.jpeg 1543w\" sizes=\"auto, (max-width: 226px) 100vw, 226px\" \/><\/a><\/p>\n<h6>&nbsp;<\/h6>\n<h6>&nbsp;<\/h6>\n<h6>&nbsp;<\/h6>\n<h6>&nbsp;<\/h6>\n<h6>&nbsp;<\/h6>\n<h6>&nbsp;<\/h6>\n<h6>&nbsp;<\/h6>\n<h6>&nbsp;<\/h6>\n<h6>&nbsp;<\/h6>\n<h6><strong><span style=\"font-size: 12pt\">Jahrgang 3<\/span><\/strong><\/h6>\n<p style=\"text-align: justify\"><a href=\"https:\/\/schule-barlsheide.hamburg.de\/?attachment_id=4308\" rel=\"attachment wp-att-4308\"><img loading=\"lazy\" decoding=\"async\" class=\"size-medium wp-image-4308 alignleft\" src=\"https:\/\/schule-barlsheide.hamburg.de\/wp-content\/uploads\/sites\/209\/2024\/10\/DSC_6535-300x231.jpeg\" alt=\"\" width=\"300\" height=\"231\" srcset=\"https:\/\/schule-barlsheide.hamburg.de\/wp-content\/uploads\/sites\/209\/2024\/10\/DSC_6535-300x231.jpeg 300w, https:\/\/schule-barlsheide.hamburg.de\/wp-content\/uploads\/sites\/209\/2024\/10\/DSC_6535-1024x789.jpeg 1024w, https:\/\/schule-barlsheide.hamburg.de\/wp-content\/uploads\/sites\/209\/2024\/10\/DSC_6535-768x591.jpeg 768w, https:\/\/schule-barlsheide.hamburg.de\/wp-content\/uploads\/sites\/209\/2024\/10\/DSC_6535-1536x1183.jpeg 1536w, https:\/\/schule-barlsheide.hamburg.de\/wp-content\/uploads\/sites\/209\/2024\/10\/DSC_6535.jpeg 2048w\" sizes=\"auto, (max-width: 300px) 100vw, 300px\" \/><\/a><\/p>\n<header><\/header>\n<header><\/header>\n<header><\/header>\n<header><\/header>\n<h6>&nbsp;<\/h6>\n<header><\/header>\n<header><\/header>\n<header><\/header>\n","protected":false},"excerpt":{"rendered":"<p>An unserer Schule arbeiten ca. 50 Lehrerinnen und Lehrer, Sonderschulp\u00e4dagoginnen und Sonderschulp\u00e4dagogen, Erzieherinnen und Erzieher und eine Sozialp\u00e4dagoginnen. Schulleitungsteam&nbsp;&nbsp;&nbsp;&nbsp;&nbsp;&nbsp;&nbsp;&nbsp;&nbsp;&nbsp;&nbsp;&nbsp;&nbsp;&nbsp;&nbsp;&nbsp;&nbsp;&nbsp;&nbsp;&nbsp;&nbsp;&nbsp;&nbsp;&nbsp;&nbsp;&nbsp;&nbsp;&nbsp;&nbsp;&nbsp;&nbsp;&nbsp;&nbsp;&nbsp;&nbsp;&nbsp;&nbsp;&nbsp;&nbsp;&nbsp;&nbsp;&nbsp;&nbsp;&nbsp;&nbsp;&nbsp;&nbsp;&nbsp;&nbsp;&nbsp;&nbsp;&nbsp;&nbsp; &nbsp; &nbsp; &nbsp; &nbsp; &nbsp; &nbsp; &nbsp; &nbsp; &nbsp; &nbsp; &nbsp;&#46;&#46;&#46;<\/p>\n","protected":false},"author":360,"featured_media":0,"parent":0,"menu_order":0,"comment_status":"closed","ping_status":"closed","template":"","meta":{"_acf_changed":false,"footnotes":""},"class_list":["post-109","page","type-page","status-publish","hentry"],"acf":[],"_links":{"self":[{"href":"https:\/\/schule-barlsheide.hamburg.de\/index.php?rest_route=\/wp\/v2\/pages\/109","targetHints":{"allow":["GET"]}}],"collection":[{"href":"https:\/\/schule-barlsheide.hamburg.de\/index.php?rest_route=\/wp\/v2\/pages"}],"about":[{"href":"https:\/\/schule-barlsheide.hamburg.de\/index.php?rest_route=\/wp\/v2\/types\/page"}],"author":[{"embeddable":true,"href":"https:\/\/schule-barlsheide.hamburg.de\/index.php?rest_route=\/wp\/v2\/users\/360"}],"replies":[{"embeddable":true,"href":"https:\/\/schule-barlsheide.hamburg.de\/index.php?rest_route=%2Fwp%2Fv2%2Fcomments&post=109"}],"version-history":[{"count":183,"href":"https:\/\/schule-barlsheide.hamburg.de\/index.php?rest_route=\/wp\/v2\/pages\/109\/revisions"}],"predecessor-version":[{"id":4337,"href":"https:\/\/schule-barlsheide.hamburg.de\/index.php?rest_route=\/wp\/v2\/pages\/109\/revisions\/4337"}],"wp:attachment":[{"href":"https:\/\/schule-barlsheide.hamburg.de\/index.php?rest_route=%2Fwp%2Fv2%2Fmedia&parent=109"}],"curies":[{"name":"wp","href":"https:\/\/api.w.org\/{rel}","templated":true}]}}