{"id":117,"date":"2015-12-14T12:42:25","date_gmt":"2015-12-14T11:42:25","guid":{"rendered":"http:\/\/schule-barlsheide.schulhomepages.hamburg.de\/?page_id=117"},"modified":"2022-12-12T05:54:45","modified_gmt":"2022-12-12T04:54:45","slug":"schulkonferenz","status":"publish","type":"page","link":"https:\/\/schule-barlsheide.hamburg.de\/?page_id=117","title":{"rendered":"Schulkonferenz"},"content":{"rendered":"<div class=\"maintext\">\n<p>Folgende Mitglieder wurden f\u00fcr den Zeitraum 2021 &#8211; 2023 gew\u00e4hlt (in Klammern stehen die pers\u00f6nlichen Vertretungen):<\/p>\n<p><strong>Lehrkr\u00e4fte:<\/strong><\/p>\n<ul>\n<li>Herr M\u00fcller (pers. Vertreterin: Frau Maj)<\/li>\n<li>? (pers. VertreterIn: ?)<\/li>\n<li>? (pers. VertreterIn: ?)<\/li>\n<li>Frau F. Teichmann (pers. Vertreterin: Frau von Oesen)<\/li>\n<\/ul>\n<p><strong>Schulleitung:<\/strong><\/p>\n<ul>\n<li>ab 1.2.2023 Frau Bauhaus<\/li>\n<\/ul>\n<p><strong>Verwaltung:&nbsp;<\/strong><\/p>\n<ul>\n<li>Frau Ramin (pers. Vertreterin: Frau Erdmann)<\/li>\n<\/ul>\n<\/div>\n","protected":false},"excerpt":{"rendered":"<p>Folgende Mitglieder wurden f\u00fcr den Zeitraum 2021 &#8211; 2023 gew\u00e4hlt (in Klammern stehen die pers\u00f6nlichen Vertretungen): Lehrkr\u00e4fte: Herr M\u00fcller (pers. Vertreterin: Frau Maj) ? (pers. VertreterIn: ?) ? (pers. VertreterIn:&#46;&#46;&#46;<\/p>\n","protected":false},"author":360,"featured_media":0,"parent":0,"menu_order":0,"comment_status":"closed","ping_status":"closed","template":"","meta":{"_acf_changed":false,"footnotes":""},"class_list":["post-117","page","type-page","status-publish","hentry"],"acf":[],"_links":{"self":[{"href":"https:\/\/schule-barlsheide.hamburg.de\/index.php?rest_route=\/wp\/v2\/pages\/117","targetHints":{"allow":["GET"]}}],"collection":[{"href":"https:\/\/schule-barlsheide.hamburg.de\/index.php?rest_route=\/wp\/v2\/pages"}],"about":[{"href":"https:\/\/schule-barlsheide.hamburg.de\/index.php?rest_route=\/wp\/v2\/types\/page"}],"author":[{"embeddable":true,"href":"https:\/\/schule-barlsheide.hamburg.de\/index.php?rest_route=\/wp\/v2\/users\/360"}],"replies":[{"embeddable":true,"href":"https:\/\/schule-barlsheide.hamburg.de\/index.php?rest_route=%2Fwp%2Fv2%2Fcomments&post=117"}],"version-history":[{"count":3,"href":"https:\/\/schule-barlsheide.hamburg.de\/index.php?rest_route=\/wp\/v2\/pages\/117\/revisions"}],"predecessor-version":[{"id":3146,"href":"https:\/\/schule-barlsheide.hamburg.de\/index.php?rest_route=\/wp\/v2\/pages\/117\/revisions\/3146"}],"wp:attachment":[{"href":"https:\/\/schule-barlsheide.hamburg.de\/index.php?rest_route=%2Fwp%2Fv2%2Fmedia&parent=117"}],"curies":[{"name":"wp","href":"https:\/\/api.w.org\/{rel}","templated":true}]}}