{"id":118,"date":"2015-12-14T12:44:19","date_gmt":"2015-12-14T11:44:19","guid":{"rendered":"http:\/\/schule-barlsheide.schulhomepages.hamburg.de\/?page_id=118"},"modified":"2022-10-26T20:03:35","modified_gmt":"2022-10-26T18:03:35","slug":"schulverein","status":"publish","type":"page","link":"https:\/\/schule-barlsheide.hamburg.de\/?page_id=118","title":{"rendered":"Schulverein"},"content":{"rendered":"<p>Schulverein &#8222;Schulgemeinschaft Bornheide e.V.&#8220;<\/p>\n<p>VR 7212, St.-Nr.: 17\/440\/08154<\/p>\n<p>&nbsp;<\/p>\n<p><strong>Bankverbindung<\/strong>&nbsp;<\/p>\n<p>Empf\u00e4nger: Schulverein Barlsheide<\/p>\n<p>IBAN: DE 25 2219 1405 0073 1061 70<\/p>\n<p>Bank: VR-Bank Pinneberg eG<\/p>\n<p>&nbsp;<\/p>\n<p align=\"justify\">Wie viele Schulen hat auch die Schule Barlsheide einen Schulverein, die Schulgemeinschaft Bornheide e.V.<\/p>\n<div class=\"maintext\">\n<p align=\"justify\">Die Schulgemeinschaft wurde bereits im Jahr 1967 gegr\u00fcndet.<\/p>\n<p align=\"justify\">Seit 2021 ist Frau Hu\u00df 1. Vorsitzende des Schulvereins. Auch die \u00c4mter stellvertretender Vorsitz, Kassenwart, Kassenpr\u00fcfer, Schriftf\u00fchrer und Beisitzer sind besetzt.<\/p>\n<p align=\"justify\">Falls sich Mitglieder f\u00fcr das Protokoll der letzten Sitzung interessieren, kann das Protokoll bei Frau Hu\u00df \u00fcber die E-Mail-Adresse <strong>maike.huss@schuba.hamburg.de <\/strong>angefordert werden.<\/p>\n<\/div>\n<div class=\"maintext\">\n<p align=\"justify\">Der Verein hat in den vergangenen Jahren auf vielf\u00e4ltige Weise zum Wohle der Kinder beigetragen und m\u00f6chte das mit Ihrer Hilfe auch gerne weiter tun. Hier nur einige wenige Beispiele:<\/p>\n<ul>\n<li>25 % der in der Klasse eingesammelten Mitgliedsbeitr\u00e4ge gehen direkt in die Klassen zur\u00fcck,<\/li>\n<li>Finanzierung von Ausfl\u00fcgen der gesamten Schule, z.B. nach Hagenbeck, ins Klickmuseum usw.,<\/li>\n<li>Zusch\u00fcsse f\u00fcr Eintrittsgelder in Theatervorstellungen oder Klingendes Museum,<\/li>\n<li>Autorenlesungen,<\/li>\n<li>Anschaffungen von Klassenlekt\u00fcre,<\/li>\n<li>Lekt\u00fcre f\u00fcr Antolin im Wert von mehr als 2000,- \u20ac,<\/li>\n<li>Spiele f\u00fcr die Pausenhalle,<\/li>\n<li>Zusch\u00fcsse f\u00fcr Klassenreisen,<\/li>\n<li>Finanzielle Beitr\u00e4ge f\u00fcr Schulfeste,<\/li>\n<li>Pausenspielkisten f\u00fcr jede Klasse<\/li>\n<li>und vieles mehr.<\/li>\n<\/ul>\n<p align=\"justify\">Es lohnt sich also wirklich, dem Schulverein beizutreten und ihn mit 1,- \u20ac pro Monat (12,- \u20ac pro Jahr) zu unterst\u00fctzen!<\/p>\n<p align=\"justify\">Es w\u00fcrde uns sehr freuen, wenn auch Sie bald zu unseren Mitgliedern geh\u00f6ren w\u00fcrden, damit wir weiter im Sinne der Kinder positiv arbeiten k\u00f6nnen!<\/p>\n<\/div>\n","protected":false},"excerpt":{"rendered":"<p>Schulverein &#8222;Schulgemeinschaft Bornheide e.V.&#8220; VR 7212, St.-Nr.: 17\/440\/08154 &nbsp; Bankverbindung&nbsp; Empf\u00e4nger: Schulverein Barlsheide IBAN: DE 25 2219 1405 0073 1061 70 Bank: VR-Bank Pinneberg eG &nbsp; Wie viele Schulen hat&#46;&#46;&#46;<\/p>\n","protected":false},"author":360,"featured_media":0,"parent":0,"menu_order":0,"comment_status":"closed","ping_status":"closed","template":"","meta":{"_acf_changed":false,"footnotes":""},"class_list":["post-118","page","type-page","status-publish","hentry"],"acf":[],"_links":{"self":[{"href":"https:\/\/schule-barlsheide.hamburg.de\/index.php?rest_route=\/wp\/v2\/pages\/118","targetHints":{"allow":["GET"]}}],"collection":[{"href":"https:\/\/schule-barlsheide.hamburg.de\/index.php?rest_route=\/wp\/v2\/pages"}],"about":[{"href":"https:\/\/schule-barlsheide.hamburg.de\/index.php?rest_route=\/wp\/v2\/types\/page"}],"author":[{"embeddable":true,"href":"https:\/\/schule-barlsheide.hamburg.de\/index.php?rest_route=\/wp\/v2\/users\/360"}],"replies":[{"embeddable":true,"href":"https:\/\/schule-barlsheide.hamburg.de\/index.php?rest_route=%2Fwp%2Fv2%2Fcomments&post=118"}],"version-history":[{"count":6,"href":"https:\/\/schule-barlsheide.hamburg.de\/index.php?rest_route=\/wp\/v2\/pages\/118\/revisions"}],"predecessor-version":[{"id":3087,"href":"https:\/\/schule-barlsheide.hamburg.de\/index.php?rest_route=\/wp\/v2\/pages\/118\/revisions\/3087"}],"wp:attachment":[{"href":"https:\/\/schule-barlsheide.hamburg.de\/index.php?rest_route=%2Fwp%2Fv2%2Fmedia&parent=118"}],"curies":[{"name":"wp","href":"https:\/\/api.w.org\/{rel}","templated":true}]}}