{"id":121,"date":"2015-12-14T12:54:21","date_gmt":"2015-12-14T11:54:21","guid":{"rendered":"http:\/\/schule-barlsheide.schulhomepages.hamburg.de\/?page_id=121"},"modified":"2022-07-07T11:25:11","modified_gmt":"2022-07-07T09:25:11","slug":"jugendmusikschule","status":"publish","type":"page","link":"https:\/\/schule-barlsheide.hamburg.de\/?page_id=121","title":{"rendered":"Jugendmusikschule"},"content":{"rendered":"<p style=\"text-align: justify\">Seit Beginn der &#8222;Verl\u00e4sslichen Halbtagsgrundschule&#8220; (VHGS) im Schuljahr 1995\/1996 nutzt unsere Schule die M\u00f6glichkeit, f\u00fcr den Bereich Musik und Tanz &#8222;Verst\u00e4rkung&#8220; von der Jugendmusikschule zu holen.<\/p>\n<div class=\"maintext\">\n<p style=\"text-align: justify\" align=\"justify\">So haben wir nach \u00fcber zehn Jahren endlich f\u00fcr fast jede Klasse eine Stunde Rhythmik im Stundenplan. Mit viel Bewegung und verschiedenen Kl\u00e4ngen lernen die Kinder spielerisch den Umgang mit Instrumenten, das Zusammenspiel in der Gruppe\/Klasse und die eigenen M\u00f6glichkeiten mit Stimme, Geh\u00f6r, K\u00f6rper und Fantasie zu gestalten.<\/p>\n<p style=\"text-align: justify\" align=\"justify\">Seit 2011 hat der Tanzunterricht Einzug in das allt\u00e4gliche Leben der Barlsheide Schule gefunden. Das kulturelle Spektrum der Schule erweitert sich um die bewegungs\u00e4sthetische Bildung der Sch\u00fclerinnen und Sch\u00fcler.<\/p>\n<p style=\"text-align: justify\" align=\"justify\">Zudem nimmt die Schule Barlsheide regelm\u00e4\u00dfig am S\u00e4ngerpatenprojekt teil. Eine unserer 2. Klassen bekommt eine &#8222;Patin&#8220; aus dem Chor der Hamburgischen Staatsoper, die die Kinder nicht nur vor Ort, sondern auch in der Oper, hinter den Kulissen und so weiter in eine andere Welt der Musik f\u00fchrt und begleitet.<\/p>\n<\/div>\n","protected":false},"excerpt":{"rendered":"<p>Seit Beginn der &#8222;Verl\u00e4sslichen Halbtagsgrundschule&#8220; (VHGS) im Schuljahr 1995\/1996 nutzt unsere Schule die M\u00f6glichkeit, f\u00fcr den Bereich Musik und Tanz &#8222;Verst\u00e4rkung&#8220; von der Jugendmusikschule zu holen. So haben wir nach&#46;&#46;&#46;<\/p>\n","protected":false},"author":360,"featured_media":0,"parent":0,"menu_order":0,"comment_status":"closed","ping_status":"closed","template":"","meta":{"_acf_changed":false,"footnotes":""},"class_list":["post-121","page","type-page","status-publish","hentry"],"acf":[],"_links":{"self":[{"href":"https:\/\/schule-barlsheide.hamburg.de\/index.php?rest_route=\/wp\/v2\/pages\/121","targetHints":{"allow":["GET"]}}],"collection":[{"href":"https:\/\/schule-barlsheide.hamburg.de\/index.php?rest_route=\/wp\/v2\/pages"}],"about":[{"href":"https:\/\/schule-barlsheide.hamburg.de\/index.php?rest_route=\/wp\/v2\/types\/page"}],"author":[{"embeddable":true,"href":"https:\/\/schule-barlsheide.hamburg.de\/index.php?rest_route=\/wp\/v2\/users\/360"}],"replies":[{"embeddable":true,"href":"https:\/\/schule-barlsheide.hamburg.de\/index.php?rest_route=%2Fwp%2Fv2%2Fcomments&post=121"}],"version-history":[{"count":4,"href":"https:\/\/schule-barlsheide.hamburg.de\/index.php?rest_route=\/wp\/v2\/pages\/121\/revisions"}],"predecessor-version":[{"id":2936,"href":"https:\/\/schule-barlsheide.hamburg.de\/index.php?rest_route=\/wp\/v2\/pages\/121\/revisions\/2936"}],"wp:attachment":[{"href":"https:\/\/schule-barlsheide.hamburg.de\/index.php?rest_route=%2Fwp%2Fv2%2Fmedia&parent=121"}],"curies":[{"name":"wp","href":"https:\/\/api.w.org\/{rel}","templated":true}]}}