{"id":125,"date":"2015-12-14T12:57:52","date_gmt":"2015-12-14T11:57:52","guid":{"rendered":"http:\/\/schule-barlsheide.schulhomepages.hamburg.de\/?page_id=125"},"modified":"2025-02-17T14:50:25","modified_gmt":"2025-02-17T13:50:25","slug":"kinderkunstklub","status":"publish","type":"page","link":"https:\/\/schule-barlsheide.hamburg.de\/?page_id=125","title":{"rendered":"KinderCunstClub (KCC)"},"content":{"rendered":"<p style=\"text-align: justify\">An unserer Schule gibt es schon seit vielen Jahren die KinderKunstKlubs der Philipp Breuel Stiftung (PBS).<\/p>\n<p style=\"text-align: justify\">Immer dienstags und mittwochs finden insgesamt 4 KKKs parallel zu unseren Ganztagskursen statt.<\/p>\n<p style=\"text-align: justify\">Seit mehreren Jahren gibt es an unserer Schule auch die KoolenKids der PBS. Dieser Kurs findet am Dienstag statt.<\/p>\n<p style=\"text-align: justify\">Kinder, die die KCCs und die KKs besuchen, gehen ein ganzes Jahr in den Kurs.<\/p>\n<p style=\"text-align: justify\">In den KCCs entfalten Kinder in Malerei und anderen Kunstformen ihre Kreativit\u00e4t und machen die begl\u00fcckende Erfahrung, aus eigener Kraft etwas erreichen zu k\u00f6nnen. Das st\u00e4rkt das Selbstvertrauen und wirkt sich positiv auf alle Lebensbereiche aus, besonders auf die schulischen Leistungen.<\/p>\n<p style=\"text-align: justify\">In dem Projekt KooleKids arbeiten die M\u00e4dchen und Jungen in kleinen, intensiv betreuten Lerngruppen an Lernmethoden sowie sprachlichen und sozialen Defiziten \u2013 damit ihnen der Sprung aufs Gymnasium gelingt.<\/p>\n<p style=\"text-align: justify\">Auf diese Weise hilft die PBS den Grundsch\u00fclern unserer Schule aus sozialbenachteiligten Familien dabei, trotz schlechter Startbedingungen, ihre Grundschulzeit erfolgreich abzuschlie\u00dfen.<\/p>\n<p style=\"text-align: justify\">N\u00e4here Infos zur PBS erhalten sie unter: <a href=\"http:\/\/www.philip-breuel-stiftung.de\/\">www.philip-breul-stiftung.de<\/a><\/p>\n<div class=\"maintext\">\n<div id=\"attachment_126\" style=\"width: 226px\" class=\"wp-caption aligncenter\"><a href=\"https:\/\/schule-barlsheide.hamburg.de\/wp-content\/uploads\/sites\/209\/2015\/12\/Zeitungsartikel-K\u00f6hler-und-KKK.jpg\" rel=\"attachment wp-att-126\" data-rel=\"lightbox\" data-rl_title=\"\" data-rl_caption=\"\" title=\"\"><img loading=\"lazy\" decoding=\"async\" aria-describedby=\"caption-attachment-126\" class=\"size-medium wp-image-126\" src=\"https:\/\/schule-barlsheide.hamburg.de\/wp-content\/uploads\/sites\/209\/2015\/12\/Zeitungsartikel-K\u00f6hler-und-KKK-216x300.jpg\" alt=\"Aus: Hamburger Abendblatt vom 3. M\u00e4rz 2010 \" width=\"216\" height=\"300\" srcset=\"https:\/\/schule-barlsheide.hamburg.de\/wp-content\/uploads\/sites\/209\/2015\/12\/Zeitungsartikel-K\u00f6hler-und-KKK-216x300.jpg 216w, https:\/\/schule-barlsheide.hamburg.de\/wp-content\/uploads\/sites\/209\/2015\/12\/Zeitungsartikel-K\u00f6hler-und-KKK-739x1024.jpg 739w, https:\/\/schule-barlsheide.hamburg.de\/wp-content\/uploads\/sites\/209\/2015\/12\/Zeitungsartikel-K\u00f6hler-und-KKK.jpg 800w\" sizes=\"auto, (max-width: 216px) 100vw, 216px\" \/><\/a><p id=\"caption-attachment-126\" class=\"wp-caption-text\">Aus: Hamburger Abendblatt vom 3. M\u00e4rz 2010<\/p><\/div>\n<div id=\"attachment_128\" style=\"width: 297px\" class=\"wp-caption aligncenter\"><a href=\"https:\/\/schule-barlsheide.hamburg.de\/wp-content\/uploads\/sites\/209\/2015\/12\/KKK-Fest.jpg\" rel=\"attachment wp-att-128\" data-rel=\"lightbox\" data-rl_title=\"\" data-rl_caption=\"\" title=\"\"><img loading=\"lazy\" decoding=\"async\" aria-describedby=\"caption-attachment-128\" class=\"size-medium wp-image-128\" src=\"https:\/\/schule-barlsheide.hamburg.de\/wp-content\/uploads\/sites\/209\/2015\/12\/KKK-Fest-287x300.jpg\" alt=\"Aus: Osdorfer Kurier vom 16. Juni 2010 \" width=\"287\" height=\"300\" srcset=\"https:\/\/schule-barlsheide.hamburg.de\/wp-content\/uploads\/sites\/209\/2015\/12\/KKK-Fest-287x300.jpg 287w, https:\/\/schule-barlsheide.hamburg.de\/wp-content\/uploads\/sites\/209\/2015\/12\/KKK-Fest-979x1024.jpg 979w, https:\/\/schule-barlsheide.hamburg.de\/wp-content\/uploads\/sites\/209\/2015\/12\/KKK-Fest.jpg 998w\" sizes=\"auto, (max-width: 287px) 100vw, 287px\" \/><\/a><p id=\"caption-attachment-128\" class=\"wp-caption-text\">Aus: Osdorfer Kurier vom 16. Juni 2010<\/p><\/div>\n<\/div>\n<p>&nbsp;<\/p>\n<p>Link:&nbsp;<a href=\"http:\/\/www.radiohamburg.de\/Programm\/Hoerer-helfen-Kindern\/2017\/Maerz\/Hoerer-helfen-Kindern-5.730-fuer-das-Projekt-KooleKids-der-Philip-Breuel-Stiftung\">http:\/\/www.radiohamburg.de\/Programm\/Hoerer-helfen-Kindern\/2017\/Maerz\/Hoerer-helfen-Kindern-5.730-fuer-das-Projekt-KooleKids-der-Philip-Breuel-Stiftung<\/a> (Radio Hamburg vom&nbsp; 27.03.2017)<\/p>\n","protected":false},"excerpt":{"rendered":"<p>An unserer Schule gibt es schon seit vielen Jahren die KinderKunstKlubs der Philipp Breuel Stiftung (PBS). Immer dienstags und mittwochs finden insgesamt 4 KKKs parallel zu unseren Ganztagskursen statt. Seit&#46;&#46;&#46;<\/p>\n","protected":false},"author":360,"featured_media":0,"parent":0,"menu_order":0,"comment_status":"closed","ping_status":"closed","template":"","meta":{"_acf_changed":false,"footnotes":""},"class_list":["post-125","page","type-page","status-publish","hentry"],"acf":[],"_links":{"self":[{"href":"https:\/\/schule-barlsheide.hamburg.de\/index.php?rest_route=\/wp\/v2\/pages\/125","targetHints":{"allow":["GET"]}}],"collection":[{"href":"https:\/\/schule-barlsheide.hamburg.de\/index.php?rest_route=\/wp\/v2\/pages"}],"about":[{"href":"https:\/\/schule-barlsheide.hamburg.de\/index.php?rest_route=\/wp\/v2\/types\/page"}],"author":[{"embeddable":true,"href":"https:\/\/schule-barlsheide.hamburg.de\/index.php?rest_route=\/wp\/v2\/users\/360"}],"replies":[{"embeddable":true,"href":"https:\/\/schule-barlsheide.hamburg.de\/index.php?rest_route=%2Fwp%2Fv2%2Fcomments&post=125"}],"version-history":[{"count":2,"href":"https:\/\/schule-barlsheide.hamburg.de\/index.php?rest_route=\/wp\/v2\/pages\/125\/revisions"}],"predecessor-version":[{"id":4328,"href":"https:\/\/schule-barlsheide.hamburg.de\/index.php?rest_route=\/wp\/v2\/pages\/125\/revisions\/4328"}],"wp:attachment":[{"href":"https:\/\/schule-barlsheide.hamburg.de\/index.php?rest_route=%2Fwp%2Fv2%2Fmedia&parent=125"}],"curies":[{"name":"wp","href":"https:\/\/api.w.org\/{rel}","templated":true}]}}