{"id":129,"date":"2015-12-14T13:11:19","date_gmt":"2015-12-14T12:11:19","guid":{"rendered":"http:\/\/schule-barlsheide.schulhomepages.hamburg.de\/?page_id=129"},"modified":"2015-12-14T13:11:19","modified_gmt":"2015-12-14T12:11:19","slug":"schulprojekte","status":"publish","type":"page","link":"https:\/\/schule-barlsheide.hamburg.de\/?page_id=129","title":{"rendered":"Schulprojekte"},"content":{"rendered":"<p>An unserer Schule finden verschiedene Projekte statt.<\/p>\n<div class=\"maintext\">\n<p align=\"justify\">Unter einem Projekt ist ein zeitlich befristetes Vorhaben mit einem bestimmten Ziel gemeint.<\/p>\n<p><strong>Unsere Schulprojekte zeichnen sich in erster Linie dadurch aus, dass&#8230;<\/strong><\/p>\n<ul>\n<li>&#8230; sie die Selbstst\u00e4ndigkeit und Selbstorganisation unserer Sch\u00fclerinnen und Sch\u00fcler f\u00f6rdern sollen,<\/li>\n<li>&#8230; sie h\u00e4ufig problemorientiert sind,<\/li>\n<li>&#8230; eine Kooperation von Schule und Au\u00dfenwelt stattfindet,<\/li>\n<li>&#8230; sie mit praktischem Handeln verbunden sind und<\/li>\n<li>&#8230; in der Regel ein Produkt sowie ein Erfolgerlebnis entsteht.<\/li>\n<\/ul>\n<\/div>\n","protected":false},"excerpt":{"rendered":"<p>An unserer Schule finden verschiedene Projekte statt. Unter einem Projekt ist ein zeitlich befristetes Vorhaben mit einem bestimmten Ziel gemeint. Unsere Schulprojekte zeichnen sich in erster Linie dadurch aus, dass&#8230;&#46;&#46;&#46;<\/p>\n","protected":false},"author":360,"featured_media":0,"parent":0,"menu_order":0,"comment_status":"closed","ping_status":"closed","template":"","meta":{"_acf_changed":false,"footnotes":""},"class_list":["post-129","page","type-page","status-publish","hentry"],"acf":[],"_links":{"self":[{"href":"https:\/\/schule-barlsheide.hamburg.de\/index.php?rest_route=\/wp\/v2\/pages\/129","targetHints":{"allow":["GET"]}}],"collection":[{"href":"https:\/\/schule-barlsheide.hamburg.de\/index.php?rest_route=\/wp\/v2\/pages"}],"about":[{"href":"https:\/\/schule-barlsheide.hamburg.de\/index.php?rest_route=\/wp\/v2\/types\/page"}],"author":[{"embeddable":true,"href":"https:\/\/schule-barlsheide.hamburg.de\/index.php?rest_route=\/wp\/v2\/users\/360"}],"replies":[{"embeddable":true,"href":"https:\/\/schule-barlsheide.hamburg.de\/index.php?rest_route=%2Fwp%2Fv2%2Fcomments&post=129"}],"version-history":[{"count":0,"href":"https:\/\/schule-barlsheide.hamburg.de\/index.php?rest_route=\/wp\/v2\/pages\/129\/revisions"}],"wp:attachment":[{"href":"https:\/\/schule-barlsheide.hamburg.de\/index.php?rest_route=%2Fwp%2Fv2%2Fmedia&parent=129"}],"curies":[{"name":"wp","href":"https:\/\/api.w.org\/{rel}","templated":true}]}}