{"id":134,"date":"2015-12-14T13:21:10","date_gmt":"2015-12-14T12:21:10","guid":{"rendered":"http:\/\/schule-barlsheide.schulhomepages.hamburg.de\/?page_id=134"},"modified":"2015-12-14T13:24:08","modified_gmt":"2015-12-14T12:24:08","slug":"mentor-hamburg-e-v","status":"publish","type":"page","link":"https:\/\/schule-barlsheide.hamburg.de\/?page_id=134","title":{"rendered":"MENTOR HAMBURG e.V."},"content":{"rendered":"<p style=\"text-align: justify\">Der Schritt vom Lesen zum Verstehen ist f\u00fcr viele Kinder sehr gro\u00df.<\/p>\n<p style=\"text-align: justify\">MENTOR \u2013 Die Leselernhelfer HAMBURG e.V. hilft ihnen, diesen Schritt dennoch zu wagen und dabei die Lust am Lesen zu entdecken &#8211; denn Lesen lernen macht stark!<\/p>\n<div id=\"attachment_135\" style=\"width: 232px\" class=\"wp-caption alignright\"><a href=\"https:\/\/schule-barlsheide.hamburg.de\/wp-content\/uploads\/sites\/209\/2015\/12\/Logo-klassisch.jpg\" rel=\"attachment wp-att-135\" data-rel=\"lightbox\" data-rl_title=\"\" data-rl_caption=\"\" title=\"\"><img loading=\"lazy\" decoding=\"async\" aria-describedby=\"caption-attachment-135\" class=\"size-medium wp-image-135\" src=\"https:\/\/schule-barlsheide.hamburg.de\/wp-content\/uploads\/sites\/209\/2015\/12\/Logo-klassisch-222x300.jpg\" alt=\"http:\/\/www.mentor-hamburg.de\" width=\"222\" height=\"300\" srcset=\"https:\/\/schule-barlsheide.hamburg.de\/wp-content\/uploads\/sites\/209\/2015\/12\/Logo-klassisch-222x300.jpg 222w, https:\/\/schule-barlsheide.hamburg.de\/wp-content\/uploads\/sites\/209\/2015\/12\/Logo-klassisch-758x1024.jpg 758w, https:\/\/schule-barlsheide.hamburg.de\/wp-content\/uploads\/sites\/209\/2015\/12\/Logo-klassisch.jpg 768w\" sizes=\"auto, (max-width: 222px) 100vw, 222px\" \/><\/a><p id=\"caption-attachment-135\" class=\"wp-caption-text\">http:\/\/www.mentor-hamburg.de<\/p><\/div>\n<p style=\"text-align: justify\">Die Lehrer schlagen MENTOR Hamburg e.V. Sch\u00fclerInnen vor, die Schwierigkeiten beim Lesen und Verstehen von Texten haben und dadurch dem Unterricht in verschiedenen F\u00e4chern nicht ohne Weiteres folgen k\u00f6nnen. Nach Absprache mit den jeweiligen Kindern und deren Einverst\u00e4ndnis wird dann ein\/e Mentor\/in vermittelt. MentorIn und Lesekind treffen sich daraufhin mindestens ein Jahr lang <strong>einmal in der Woche in der Schule<\/strong> zur gemeinsamen Lesestunde. In der 1:1-Betreuung ermutigt die MentorIn das Kind, selbst zu lesen und \u00fcber das Gelesene zu sprechen.<\/p>\n<p style=\"text-align: justify\">Das alles geschieht spielerisch, freiwillig und ohne Leistungsdruck; die Lesestunden sind kein F\u00f6rder- oder Nachhilfeunterricht. Lesestunden k\u00f6nnen sich unabh\u00e4ngig von den Inhalten und Aufgaben der Unterrichtsf\u00e4cher gestalteten. Dabei kann sich auch mal nur unterhalten oder gespielt werden. In der Regel steht aber das gegenseitige Vorlesen im Mittelpunkt der gemeinsamen Lesestunde.<\/p>\n<p style=\"text-align: justify\">An unserer Schule treffen sich zurzeit mehrere ehrenamtliche Mentoren mit den Schulkindern 1x in der Woche f\u00fcr eine gemeinsame Lesestunde.<\/p>\n<div id=\"attachment_136\" style=\"width: 310px\" class=\"wp-caption aligncenter\"><a href=\"https:\/\/schule-barlsheide.hamburg.de\/wp-content\/uploads\/sites\/209\/2015\/12\/MENTOR-Lesetandem-2015-WZ.jpg\" rel=\"attachment wp-att-136\" data-rel=\"lightbox\" data-rl_title=\"\" data-rl_caption=\"\" title=\"\"><img loading=\"lazy\" decoding=\"async\" aria-describedby=\"caption-attachment-136\" class=\"size-medium wp-image-136\" src=\"https:\/\/schule-barlsheide.hamburg.de\/wp-content\/uploads\/sites\/209\/2015\/12\/MENTOR-Lesetandem-2015-WZ-300x200.jpg\" alt=\"http:\/\/www.mentor-hamburg.de\" width=\"300\" height=\"200\" srcset=\"https:\/\/schule-barlsheide.hamburg.de\/wp-content\/uploads\/sites\/209\/2015\/12\/MENTOR-Lesetandem-2015-WZ-300x200.jpg 300w, https:\/\/schule-barlsheide.hamburg.de\/wp-content\/uploads\/sites\/209\/2015\/12\/MENTOR-Lesetandem-2015-WZ-1024x683.jpg 1024w, https:\/\/schule-barlsheide.hamburg.de\/wp-content\/uploads\/sites\/209\/2015\/12\/MENTOR-Lesetandem-2015-WZ.jpg 2048w\" sizes=\"auto, (max-width: 300px) 100vw, 300px\" \/><\/a><p id=\"caption-attachment-136\" class=\"wp-caption-text\">http:\/\/www.mentor-hamburg.de<\/p><\/div>\n<p style=\"text-align: justify\">Weitere Informationen \u00fcber den Verein finden Sie unter\u00a0<a href=\"http:\/\/www.mentor-hamburg.de\/\">http:\/\/www.mentor-hamburg.de<\/a><\/p>\n","protected":false},"excerpt":{"rendered":"<p>Der Schritt vom Lesen zum Verstehen ist f\u00fcr viele Kinder sehr gro\u00df. MENTOR \u2013 Die Leselernhelfer HAMBURG e.V. hilft ihnen, diesen Schritt dennoch zu wagen und dabei die Lust am&#46;&#46;&#46;<\/p>\n","protected":false},"author":360,"featured_media":0,"parent":0,"menu_order":0,"comment_status":"closed","ping_status":"closed","template":"","meta":{"_acf_changed":false,"footnotes":""},"class_list":["post-134","page","type-page","status-publish","hentry"],"acf":[],"_links":{"self":[{"href":"https:\/\/schule-barlsheide.hamburg.de\/index.php?rest_route=\/wp\/v2\/pages\/134","targetHints":{"allow":["GET"]}}],"collection":[{"href":"https:\/\/schule-barlsheide.hamburg.de\/index.php?rest_route=\/wp\/v2\/pages"}],"about":[{"href":"https:\/\/schule-barlsheide.hamburg.de\/index.php?rest_route=\/wp\/v2\/types\/page"}],"author":[{"embeddable":true,"href":"https:\/\/schule-barlsheide.hamburg.de\/index.php?rest_route=\/wp\/v2\/users\/360"}],"replies":[{"embeddable":true,"href":"https:\/\/schule-barlsheide.hamburg.de\/index.php?rest_route=%2Fwp%2Fv2%2Fcomments&post=134"}],"version-history":[{"count":1,"href":"https:\/\/schule-barlsheide.hamburg.de\/index.php?rest_route=\/wp\/v2\/pages\/134\/revisions"}],"predecessor-version":[{"id":137,"href":"https:\/\/schule-barlsheide.hamburg.de\/index.php?rest_route=\/wp\/v2\/pages\/134\/revisions\/137"}],"wp:attachment":[{"href":"https:\/\/schule-barlsheide.hamburg.de\/index.php?rest_route=%2Fwp%2Fv2%2Fmedia&parent=134"}],"curies":[{"name":"wp","href":"https:\/\/api.w.org\/{rel}","templated":true}]}}