{"id":172,"date":"2015-12-14T19:13:11","date_gmt":"2015-12-14T18:13:11","guid":{"rendered":"http:\/\/schule-barlsheide.schulhomepages.hamburg.de\/?page_id=172"},"modified":"2015-12-14T19:13:11","modified_gmt":"2015-12-14T18:13:11","slug":"inklusion","status":"publish","type":"page","link":"https:\/\/schule-barlsheide.hamburg.de\/?page_id=172","title":{"rendered":"Inklusion"},"content":{"rendered":"<p style=\"text-align: justify\"><strong>Die Vielfalt macht&#8217;s!<\/strong><\/p>\n<div class=\"maintext\">\n<p style=\"text-align: justify\" align=\"justify\">Als Schwerpunktschule f\u00fcr Inklusion blicken wir auf jahrzehntelange Erfahrung in diesem Bereich zur\u00fcck und sind darauf spezialisiert, Kinder aus vielen verschiedenen L\u00e4ndern mit vielen verschiedenen Sprachen, mit vielen verschiedenen Vorlieben und Vorkenntnissen und den unterschiedlichsten F\u00e4higkeiten, Fertigkeiten und Neigungen in ihrer Entwicklung zu begleiten.<\/p>\n<p style=\"text-align: justify\" align=\"justify\">Manche Kinder sind aufgeschlossen, neugierig und sehr wissbegierig und arbeiten von Anfang an sehr selbst\u00e4ndig. Andere wiederum sind sch\u00fcchtern, zur\u00fcckhaltend und ben\u00f6tigen Unterst\u00fctzung bei ihren Aufgaben. Manche Kinder sitzen im Rollstuhl, manche haben Sehschwierigkeiten, andere schaffen es schwer, Regeln einzuhalten oder mit den Mitsch\u00fclern friedvoll umzugehen usw.<\/p>\n<p style=\"text-align: justify\" align=\"justify\">Diese Vielfalt macht unser Schulleben aus und bringt Abwechslung in den Alltag. Sie stellt Kinder und P\u00e4dagogen immer wieder vor neue Herausforderungen, die alle gern annehmen.<\/p>\n<p style=\"text-align: justify\" align=\"justify\">Ein Team von LehrerInnen, Sonderp\u00e4dagogInnen und Erzieher- Innen gestaltet den Unterricht in den Klassen und ber\u00fccksichtigt die Vielfalt der Sch\u00fclerinnen und Sch\u00fcler durch den Einsatz z.B. folgender Ma\u00dfnahmen:<\/p>\n<ul>\n<li>Bereitstellung individueller Lern- und \u00dcbungsmaterialien<\/li>\n<li>freie Lernangebote<\/li>\n<li>gezielte Einzelfallhilfe<\/li>\n<li>Lernf\u00f6rderung in Kleingruppen<\/li>\n<li>Beratungsunterst\u00fctzung<\/li>\n<li>didaktische Reserven<\/li>\n<li>Lernb\u00fcrostunden<\/li>\n<li>Wechsel der Methoden<\/li>\n<li>Schaffung fester Regeln und Strukturen<\/li>\n<\/ul>\n<p style=\"text-align: justify\" align=\"justify\">Dadurch werden die Kinder nach ihren individuellen Lernvoraussetzungen gef\u00f6rdert und gefordert, so dass sie bei uns eine Grundschulzeit verleben, die sie tauglich f\u00fcr die weitere Schullaufbahn macht und auf das Leben vorbereitet.<\/p>\n<\/div>\n","protected":false},"excerpt":{"rendered":"<p>Die Vielfalt macht&#8217;s! Als Schwerpunktschule f\u00fcr Inklusion blicken wir auf jahrzehntelange Erfahrung in diesem Bereich zur\u00fcck und sind darauf spezialisiert, Kinder aus vielen verschiedenen L\u00e4ndern mit vielen verschiedenen Sprachen, mit&#46;&#46;&#46;<\/p>\n","protected":false},"author":360,"featured_media":0,"parent":0,"menu_order":0,"comment_status":"closed","ping_status":"closed","template":"","meta":{"_acf_changed":false,"footnotes":""},"class_list":["post-172","page","type-page","status-publish","hentry"],"acf":[],"_links":{"self":[{"href":"https:\/\/schule-barlsheide.hamburg.de\/index.php?rest_route=\/wp\/v2\/pages\/172","targetHints":{"allow":["GET"]}}],"collection":[{"href":"https:\/\/schule-barlsheide.hamburg.de\/index.php?rest_route=\/wp\/v2\/pages"}],"about":[{"href":"https:\/\/schule-barlsheide.hamburg.de\/index.php?rest_route=\/wp\/v2\/types\/page"}],"author":[{"embeddable":true,"href":"https:\/\/schule-barlsheide.hamburg.de\/index.php?rest_route=\/wp\/v2\/users\/360"}],"replies":[{"embeddable":true,"href":"https:\/\/schule-barlsheide.hamburg.de\/index.php?rest_route=%2Fwp%2Fv2%2Fcomments&post=172"}],"version-history":[{"count":0,"href":"https:\/\/schule-barlsheide.hamburg.de\/index.php?rest_route=\/wp\/v2\/pages\/172\/revisions"}],"wp:attachment":[{"href":"https:\/\/schule-barlsheide.hamburg.de\/index.php?rest_route=%2Fwp%2Fv2%2Fmedia&parent=172"}],"curies":[{"name":"wp","href":"https:\/\/api.w.org\/{rel}","templated":true}]}}