{"id":230,"date":"2016-03-24T12:46:53","date_gmt":"2016-03-24T11:46:53","guid":{"rendered":"http:\/\/schule-barlsheide.hamburg.de\/?page_id=230"},"modified":"2016-03-24T12:51:01","modified_gmt":"2016-03-24T11:51:01","slug":"schuelerkonferenz-schueko","status":"publish","type":"page","link":"https:\/\/schule-barlsheide.hamburg.de\/?page_id=230","title":{"rendered":"Sch\u00fclerkonferenz (SCH\u00dcKO)"},"content":{"rendered":"<p style=\"text-align: justify\">Laut Hamburger Schulgesetz muss es an jeder Schule einen Sch\u00fclerrat geben. Auch unsere Schule hat so einen Sch\u00fclerrat. Bei uns hei\u00dft er allerdings SCH\u00dcKO (Sch\u00fclerkonferenz). Dieser setzt sich aus den Klassensprechern der einzelnen Klassen zusammen. In jeder Klasse gibt es einen Klassenrat. Dieser w\u00e4hlt die Klassensprecher.<\/p>\n<p style=\"text-align: justify\">Dieses Prinzip der Demokratie wird an unserer Schule sehr gepflegt und ausgelebt. So werden in den Klassenr\u00e4ten nicht nur Streitereien gekl\u00e4rt, sondern auch \u00fcber Projekte oder Veranstaltungen abgestimmt, die eine Klasse gemeinsam machen m\u00f6chte. Vorschl\u00e4ge, Ideen und vieles mehr, was unsere Schule betrifft, werden dann in die Sch\u00fclerkonferenz getragen und dort wird dar\u00fcber abgestimmt bzw. werden diese Vorschl\u00e4ge an die Lehrerinnen und Lehrer sowie an die Schulleitung weitergegeben.<\/p>\n<p style=\"text-align: justify\">Genauso kann es passieren, dass Lehrer, Eltern oder Schulleitung, W\u00fcnsche an die Sch\u00fclerinnen und Sch\u00fcler haben. Dann geht der Weg zur\u00fcck \u00fcber die SCH\u00dcKO an die Klassen zum einzelnen Sch\u00fcler.<\/p>\n<p style=\"text-align: justify\">So haben wir z.B. aktiv an der Mittagessenssituation in unserer Schule mitgewirkt. Wir haben Sch\u00fcleraufsichten ins Leben gerufen. Wir haben Aktionen wie \u201eWir sammeln gemeinsam M\u00fcll auf dem Schulhof.\u201c gestartet und noch vieles mehr.<\/p>\n<p style=\"text-align: justify\">In der SCH\u00dcKO wurden auch ein Leitfaden f\u00fcr den Klassenrat und ein Leitfaden f\u00fcr die SCH\u00dcKO erstellt, so dass man eine Orientierung f\u00fcr die Durchf\u00fchrung der beiden Gremien hat.<\/p>\n<p style=\"text-align: justify\">Hier geht\u2019s zum <a href=\"https:\/\/schule-barlsheide.hamburg.de\/?page_id=113\">Leitfaden SCH\u00dcKO<\/a> und hier zum <a href=\"https:\/\/schule-barlsheide.hamburg.de\/?page_id=228\">Leitfaden Klassenrat<\/a>.<\/p>\n","protected":false},"excerpt":{"rendered":"<p>Laut Hamburger Schulgesetz muss es an jeder Schule einen Sch\u00fclerrat geben. Auch unsere Schule hat so einen Sch\u00fclerrat. Bei uns hei\u00dft er allerdings SCH\u00dcKO (Sch\u00fclerkonferenz). Dieser setzt sich aus den&#46;&#46;&#46;<\/p>\n","protected":false},"author":360,"featured_media":0,"parent":0,"menu_order":0,"comment_status":"closed","ping_status":"closed","template":"","meta":{"_acf_changed":false,"footnotes":""},"class_list":["post-230","page","type-page","status-publish","hentry"],"acf":[],"_links":{"self":[{"href":"https:\/\/schule-barlsheide.hamburg.de\/index.php?rest_route=\/wp\/v2\/pages\/230","targetHints":{"allow":["GET"]}}],"collection":[{"href":"https:\/\/schule-barlsheide.hamburg.de\/index.php?rest_route=\/wp\/v2\/pages"}],"about":[{"href":"https:\/\/schule-barlsheide.hamburg.de\/index.php?rest_route=\/wp\/v2\/types\/page"}],"author":[{"embeddable":true,"href":"https:\/\/schule-barlsheide.hamburg.de\/index.php?rest_route=\/wp\/v2\/users\/360"}],"replies":[{"embeddable":true,"href":"https:\/\/schule-barlsheide.hamburg.de\/index.php?rest_route=%2Fwp%2Fv2%2Fcomments&post=230"}],"version-history":[{"count":1,"href":"https:\/\/schule-barlsheide.hamburg.de\/index.php?rest_route=\/wp\/v2\/pages\/230\/revisions"}],"predecessor-version":[{"id":234,"href":"https:\/\/schule-barlsheide.hamburg.de\/index.php?rest_route=\/wp\/v2\/pages\/230\/revisions\/234"}],"wp:attachment":[{"href":"https:\/\/schule-barlsheide.hamburg.de\/index.php?rest_route=%2Fwp%2Fv2%2Fmedia&parent=230"}],"curies":[{"name":"wp","href":"https:\/\/api.w.org\/{rel}","templated":true}]}}