{"id":3613,"date":"2023-06-26T17:07:43","date_gmt":"2023-06-26T15:07:43","guid":{"rendered":"https:\/\/schule-barlsheide.hamburg.de\/?page_id=3613"},"modified":"2023-11-20T08:55:37","modified_gmt":"2023-11-20T07:55:37","slug":"kita-barlsheide-vom-hamburger-schulverein-von-1875-e-v","status":"publish","type":"page","link":"https:\/\/schule-barlsheide.hamburg.de\/?page_id=3613","title":{"rendered":"Kita Barlsheide"},"content":{"rendered":"<p style=\"text-align: center\"><strong>Kita Barlsheide<\/strong><\/p>\n<p style=\"text-align: center\">(vom Hamburger Schulverein von 1875 e.V. &#8211;&gt; Hamburger Kind Bildung &amp; Betreuung gGmbH)<a href=\"https:\/\/schule-barlsheide.hamburg.de\/wp-content\/uploads\/sites\/209\/2023\/10\/Transition-Grafik-300x163-3.png\" data-rel=\"lightbox\" data-rl_title=\"\" data-rl_caption=\"\" title=\"\"><img loading=\"lazy\" decoding=\"async\" class=\"size-full wp-image-3962 alignright\" src=\"https:\/\/schule-barlsheide.hamburg.de\/wp-content\/uploads\/sites\/209\/2023\/10\/Transition-Grafik-300x163-3.png\" alt=\"\" width=\"300\" height=\"163\"><\/a><\/p>\n<p style=\"text-align: justify\">In unserer modernen Kita spielen, experimentieren, forschen, basteln und malen bis zu 50 kleine Weltentdecker zwischen 3 und 6 Jahren in zwei Elementar-Gruppen, deren multikulturelle Vielfalt f\u00fcr uns eine Bereicherung ist. Wichtig ist es uns, jedes einzelne Kind in seinen Kompetenzen zu st\u00e4rken und in seiner Entwicklung zu f\u00f6rdern.<a href=\"https:\/\/schule-barlsheide.hamburg.de\/wp-content\/uploads\/sites\/209\/2023\/10\/images.jpg\" data-rel=\"lightbox\" data-rl_title=\"\" data-rl_caption=\"\" title=\"\"><img loading=\"lazy\" decoding=\"async\" class=\"size-full wp-image-3959 alignleft\" src=\"https:\/\/schule-barlsheide.hamburg.de\/wp-content\/uploads\/sites\/209\/2023\/10\/images.jpg\" alt=\"\" width=\"200\" height=\"200\" srcset=\"https:\/\/schule-barlsheide.hamburg.de\/wp-content\/uploads\/sites\/209\/2023\/10\/images.jpg 200w, https:\/\/schule-barlsheide.hamburg.de\/wp-content\/uploads\/sites\/209\/2023\/10\/images-150x150.jpg 150w, https:\/\/schule-barlsheide.hamburg.de\/wp-content\/uploads\/sites\/209\/2023\/10\/images-80x80.jpg 80w\" sizes=\"auto, (max-width: 200px) 100vw, 200px\" \/><\/a><\/p>\n<p style=\"text-align: justify\">Wir sind in den gro\u00dfz\u00fcgigen Multifunktionsr\u00e4umen der Schule Barlsheide zuhause und kooperieren eng mit der Grundschule, deren weitl\u00e4ufiges Au\u00dfengel\u00e4nde mit vielf\u00e4ltigen Spielm\u00f6glichkeiten wir nutzen d\u00fcrfen. Durch die N\u00e4he zur Schule gelingt der \u00dcbergang von der Kita zur Vorschule oder Schule sanft und problemlos.<\/p>\n<p style=\"text-align: justify\">Die Hamburger Bildungsempfehlungen setzen wir kreativ und situationsbezogen in unserer Kita um. Wir sind zertifizierte Sprach-Kita und arbeiten nach dem Qualit\u00e4tsverfahren PQ-SYS des parit\u00e4tischen Wohlfahrtsverbandes. Am Standort Barlsheide sind wir auch f\u00fcr die Schulkinder in der <a href=\"https:\/\/hamburgerschulverein.de\/schulen-finder\/bornheide\">GTS Barlsheide<\/a>&nbsp;da.<\/p>\n<p style=\"text-align: center\">Wir freuen uns auf neue Kita-Kinder und Schul-Kinder zum Lachen, Lernen und Spielen!<\/p>\n<p>Kontakt:<\/p>\n<p>Heidi Gohsmann<br \/>\n<a href=\"mailto:barlsheideleitung@hamburgerschulverein.de\">barlsheideleitung@hamburgerschulverein.de<\/a><\/p>\n<p>040 42 888 68 27<\/p>\n<p>\u00d6ffnungszeiten:<br \/>\n06:00 Uhr bis 18:00 Uhr<\/p>\n","protected":false},"excerpt":{"rendered":"<p>Kita Barlsheide (vom Hamburger Schulverein von 1875 e.V. &#8211;&gt; Hamburger Kind Bildung &amp; Betreuung gGmbH) In unserer modernen Kita spielen, experimentieren, forschen, basteln und malen bis zu 50 kleine Weltentdecker&#46;&#46;&#46;<\/p>\n","protected":false},"author":360,"featured_media":0,"parent":0,"menu_order":0,"comment_status":"closed","ping_status":"closed","template":"","meta":{"_acf_changed":false,"footnotes":""},"class_list":["post-3613","page","type-page","status-publish","hentry"],"acf":[],"_links":{"self":[{"href":"https:\/\/schule-barlsheide.hamburg.de\/index.php?rest_route=\/wp\/v2\/pages\/3613","targetHints":{"allow":["GET"]}}],"collection":[{"href":"https:\/\/schule-barlsheide.hamburg.de\/index.php?rest_route=\/wp\/v2\/pages"}],"about":[{"href":"https:\/\/schule-barlsheide.hamburg.de\/index.php?rest_route=\/wp\/v2\/types\/page"}],"author":[{"embeddable":true,"href":"https:\/\/schule-barlsheide.hamburg.de\/index.php?rest_route=\/wp\/v2\/users\/360"}],"replies":[{"embeddable":true,"href":"https:\/\/schule-barlsheide.hamburg.de\/index.php?rest_route=%2Fwp%2Fv2%2Fcomments&post=3613"}],"version-history":[{"count":13,"href":"https:\/\/schule-barlsheide.hamburg.de\/index.php?rest_route=\/wp\/v2\/pages\/3613\/revisions"}],"predecessor-version":[{"id":3977,"href":"https:\/\/schule-barlsheide.hamburg.de\/index.php?rest_route=\/wp\/v2\/pages\/3613\/revisions\/3977"}],"wp:attachment":[{"href":"https:\/\/schule-barlsheide.hamburg.de\/index.php?rest_route=%2Fwp%2Fv2%2Fmedia&parent=3613"}],"curies":[{"name":"wp","href":"https:\/\/api.w.org\/{rel}","templated":true}]}}