{"id":3621,"date":"2023-06-26T17:13:11","date_gmt":"2023-06-26T15:13:11","guid":{"rendered":"https:\/\/schule-barlsheide.hamburg.de\/?page_id=3621"},"modified":"2026-04-10T22:15:05","modified_gmt":"2026-04-10T20:15:05","slug":"gts-betreuung-3","status":"publish","type":"page","link":"https:\/\/schule-barlsheide.hamburg.de\/?page_id=3621","title":{"rendered":"GTS-Betreuung"},"content":{"rendered":"<p>Nach 14.00 Uhr haben alle Eltern die M\u00f6glichkeit, Ihre Kinder in der Ganztagsbetreuung anzumelden.&nbsp;<\/p>\n<p><strong>Wichtig<\/strong>: Die Anmeldung erfolgt j\u00e4hrlich im Fr\u00fchling- Sie bekommen die Info vom Schulb\u00fcro.&nbsp;<\/p>\n<p>Unsere Ganztagsbetreuung organisieren wir mit schulischem Personal, durch Honorarkr\u00e4fte, die Kursangebote anbieten und durch das Hamburger Kind.&nbsp;<\/p>\n<p><strong>Ein multiprofessionelles Team betreut die Schulkinder von der VSK bis zur 4.Klasse.<\/strong><\/p>\n<p>&nbsp;<\/p>\n<p>Das <strong>Hamburger Kind<\/strong> \u00fcbernimmt an unsere Schule die Fr\u00fch- und Sp\u00e4tbetreuung sowie die Ferienbetreuung.<\/p>\n<table style=\"width: 40.698961%;height: 120px\" width=\"349\">\n<tbody>\n<tr style=\"height: 24px\">\n<td style=\"height: 24px\" width=\"339\"><strong>Betreuung w\u00e4hrend der Schulzeit:<\/strong><\/td>\n<\/tr>\n<tr style=\"height: 24px\">\n<td style=\"height: 24px\" width=\"339\">Montag bis Freitag<\/td>\n<\/tr>\n<tr style=\"height: 24px\">\n<td style=\"height: 24px\" width=\"339\">Fr\u00fchdienst &nbsp; &nbsp; &nbsp; &nbsp; &nbsp; &nbsp; &nbsp; &nbsp; &nbsp; &nbsp; &nbsp; &nbsp; 06 \u2013 08 Uhr<\/td>\n<\/tr>\n<tr style=\"height: 24px\">\n<td style=\"height: 24px\" width=\"339\">Regelbetreuungszeit &nbsp; &nbsp; &nbsp; 13 \u2013 16 Uhr<\/td>\n<\/tr>\n<tr style=\"height: 24px\">\n<td style=\"height: 24px\" width=\"339\">Sp\u00e4tdienst &nbsp; &nbsp; &nbsp; &nbsp; &nbsp; &nbsp; &nbsp; &nbsp; &nbsp; &nbsp; &nbsp; &nbsp; 16 \u2013 18 Uhr<\/td>\n<\/tr>\n<\/tbody>\n<\/table>\n<p><strong>Betreuung in den Ferien: <\/strong>Wir sind in den Ferien von 06:00 \u2013 18:00 Uhr f\u00fcr Ihre Kinder da und bieten in der Zeit von 08:00 \u2013 16:00 Uhr ein abwechslungsreiches Erlebnisangebot. Hauptbestandteil sind Aktivit\u00e4ten im Freien, Ausfl\u00fcge in und um Hamburg.<\/p>\n<p>Falls Sie die&nbsp;<strong>Betreuung in den Randzeiten<\/strong> ben\u00f6tigen, melden Sie sich bitte im Schulb\u00fcro.<\/p>\n<ul>\n<li>Fr\u00fchdienst von 06:00 \u2013 08:00 Uhr<\/li>\n<li>Sp\u00e4tdienst von 16:00 \u2013 18:00 Uhr<\/li>\n<\/ul>\n<p><strong>Kontakt:<\/strong>&nbsp;&nbsp;&nbsp;&nbsp;&nbsp;&nbsp;&nbsp;&nbsp;&nbsp;&nbsp;&nbsp;&nbsp;&nbsp;&nbsp;&nbsp;&nbsp;&nbsp;&nbsp;&nbsp;&nbsp;&nbsp;&nbsp;&nbsp;&nbsp;&nbsp; Schulb\u00fcro der Schule Barlsheide<\/p>\n<p>&nbsp; &nbsp; &nbsp; &nbsp; &nbsp; &nbsp; &nbsp; &nbsp; &nbsp; &nbsp; &nbsp; &nbsp; &nbsp; &nbsp; &nbsp; &nbsp; &nbsp; &nbsp; &nbsp; &nbsp; &nbsp;040 42 88 86 8-0<\/p>\n<p><strong>Frau Petersen<\/strong> &nbsp;&nbsp;&nbsp;&nbsp;&nbsp;&nbsp;&nbsp;&nbsp;&nbsp;&nbsp;&nbsp;&nbsp;&nbsp;&nbsp; Koordination Ganztagsbereich in der Schule<\/p>\n<p>Kontakt:&nbsp;&nbsp;&nbsp;&nbsp;&nbsp;&nbsp;&nbsp;&nbsp;&nbsp;&nbsp;&nbsp;&nbsp;&nbsp;&nbsp;&nbsp;&nbsp;&nbsp;&nbsp;&nbsp;&nbsp;&nbsp;&nbsp;&nbsp;&nbsp;&nbsp;&nbsp; <a href=\"mailto:ganztag.barlsheide@schuba.hamburg.de\">ganztag.barlsheide@schuba.hamburg.de<\/a><\/p>\n<p><strong>Ansprechpartner Hamburger Kind:<\/strong>&nbsp;<\/p>\n<p><strong>Sven&nbsp;Sellke<\/strong>&nbsp; &nbsp; &nbsp; &nbsp; &nbsp; &nbsp; &nbsp; &nbsp; &nbsp; &nbsp; &nbsp; &nbsp; &nbsp;<\/p>\n<p><a href=\"https:\/\/schule-barlsheide.hamburg.de\/wp-content\/uploads\/sites\/209\/2023\/10\/images.jpg\" data-rel=\"lightbox\" data-rl_title=\"\" data-rl_caption=\"\" title=\"\"><img loading=\"lazy\" decoding=\"async\" class=\"size-full wp-image-3959 alignleft\" src=\"https:\/\/schule-barlsheide.hamburg.de\/wp-content\/uploads\/sites\/209\/2023\/10\/images.jpg\" alt=\"\" width=\"200\" height=\"200\" srcset=\"https:\/\/schule-barlsheide.hamburg.de\/wp-content\/uploads\/sites\/209\/2023\/10\/images.jpg 200w, https:\/\/schule-barlsheide.hamburg.de\/wp-content\/uploads\/sites\/209\/2023\/10\/images-150x150.jpg 150w, https:\/\/schule-barlsheide.hamburg.de\/wp-content\/uploads\/sites\/209\/2023\/10\/images-80x80.jpg 80w\" sizes=\"auto, (max-width: 200px) 100vw, 200px\" \/><\/a> &nbsp; &nbsp; &nbsp;&nbsp;<\/p>\n","protected":false},"excerpt":{"rendered":"<p>Nach 14.00 Uhr haben alle Eltern die M\u00f6glichkeit, Ihre Kinder in der Ganztagsbetreuung anzumelden.&nbsp; Wichtig: Die Anmeldung erfolgt j\u00e4hrlich im Fr\u00fchling- Sie bekommen die Info vom Schulb\u00fcro.&nbsp; Unsere Ganztagsbetreuung organisieren&#46;&#46;&#46;<\/p>\n","protected":false},"author":360,"featured_media":0,"parent":0,"menu_order":0,"comment_status":"closed","ping_status":"closed","template":"","meta":{"_acf_changed":false,"footnotes":""},"class_list":["post-3621","page","type-page","status-publish","hentry"],"acf":[],"_links":{"self":[{"href":"https:\/\/schule-barlsheide.hamburg.de\/index.php?rest_route=\/wp\/v2\/pages\/3621","targetHints":{"allow":["GET"]}}],"collection":[{"href":"https:\/\/schule-barlsheide.hamburg.de\/index.php?rest_route=\/wp\/v2\/pages"}],"about":[{"href":"https:\/\/schule-barlsheide.hamburg.de\/index.php?rest_route=\/wp\/v2\/types\/page"}],"author":[{"embeddable":true,"href":"https:\/\/schule-barlsheide.hamburg.de\/index.php?rest_route=\/wp\/v2\/users\/360"}],"replies":[{"embeddable":true,"href":"https:\/\/schule-barlsheide.hamburg.de\/index.php?rest_route=%2Fwp%2Fv2%2Fcomments&post=3621"}],"version-history":[{"count":20,"href":"https:\/\/schule-barlsheide.hamburg.de\/index.php?rest_route=\/wp\/v2\/pages\/3621\/revisions"}],"predecessor-version":[{"id":4588,"href":"https:\/\/schule-barlsheide.hamburg.de\/index.php?rest_route=\/wp\/v2\/pages\/3621\/revisions\/4588"}],"wp:attachment":[{"href":"https:\/\/schule-barlsheide.hamburg.de\/index.php?rest_route=%2Fwp%2Fv2%2Fmedia&parent=3621"}],"curies":[{"name":"wp","href":"https:\/\/api.w.org\/{rel}","templated":true}]}}