{"id":4136,"date":"2024-05-29T10:04:18","date_gmt":"2024-05-29T08:04:18","guid":{"rendered":"https:\/\/schule-barlsheide.hamburg.de\/?page_id=4136"},"modified":"2024-05-29T10:04:18","modified_gmt":"2024-05-29T08:04:18","slug":"saengerpatentreffen-beim-ndr","status":"publish","type":"page","link":"https:\/\/schule-barlsheide.hamburg.de\/?page_id=4136","title":{"rendered":"S\u00e4ngerpatentreffen beim NDR"},"content":{"rendered":"<p style=\"text-align: justify\">Am 15. April fand das zweite Konzert im Rahmen des S\u00e4ngerpatenprojektes statt. Acht Klassen hatten sich am sp\u00e4ten Nachmittag im Rolf-Liebermann-Studio des NDR versammelt. Unterst\u00fctzt wurden die Sch\u00fclerinnen und Sch\u00fcler von einigen Mitgliedern des Chores der Staatsoper. Gemeinsam mit den jeweiligen S\u00e4ngerpaten pr\u00e4sentierten alle Klassen ihre einge\u00fcbten St\u00fccke. Mehrere Lieder wurden von allen Teilnehmern gesungen. Aufgelockert wurde das umfangreiche Programm durch eine sehr angenehme Moderation von Frau Malasch.<\/p>\n<p style=\"text-align: justify\">Alle Auftritte waren wunderbar. Wir freuen uns auf das gro\u00dfe Abschlusskonzert am 22. September in der Staatsoper.<\/p>\n<p><a href=\"https:\/\/www.youtube.com\/watch?v=BGn0AG-hsKY\">https:\/\/www.youtube.com\/watch?v=BGn0AG-hsKY<\/a><\/p>\n","protected":false},"excerpt":{"rendered":"<p>Am 15. April fand das zweite Konzert im Rahmen des S\u00e4ngerpatenprojektes statt. Acht Klassen hatten sich am sp\u00e4ten Nachmittag im Rolf-Liebermann-Studio des NDR versammelt. Unterst\u00fctzt wurden die Sch\u00fclerinnen und Sch\u00fcler&#46;&#46;&#46;<\/p>\n","protected":false},"author":360,"featured_media":0,"parent":0,"menu_order":0,"comment_status":"closed","ping_status":"closed","template":"","meta":{"_acf_changed":false,"footnotes":""},"class_list":["post-4136","page","type-page","status-publish","hentry"],"acf":[],"_links":{"self":[{"href":"https:\/\/schule-barlsheide.hamburg.de\/index.php?rest_route=\/wp\/v2\/pages\/4136","targetHints":{"allow":["GET"]}}],"collection":[{"href":"https:\/\/schule-barlsheide.hamburg.de\/index.php?rest_route=\/wp\/v2\/pages"}],"about":[{"href":"https:\/\/schule-barlsheide.hamburg.de\/index.php?rest_route=\/wp\/v2\/types\/page"}],"author":[{"embeddable":true,"href":"https:\/\/schule-barlsheide.hamburg.de\/index.php?rest_route=\/wp\/v2\/users\/360"}],"replies":[{"embeddable":true,"href":"https:\/\/schule-barlsheide.hamburg.de\/index.php?rest_route=%2Fwp%2Fv2%2Fcomments&post=4136"}],"version-history":[{"count":1,"href":"https:\/\/schule-barlsheide.hamburg.de\/index.php?rest_route=\/wp\/v2\/pages\/4136\/revisions"}],"predecessor-version":[{"id":4137,"href":"https:\/\/schule-barlsheide.hamburg.de\/index.php?rest_route=\/wp\/v2\/pages\/4136\/revisions\/4137"}],"wp:attachment":[{"href":"https:\/\/schule-barlsheide.hamburg.de\/index.php?rest_route=%2Fwp%2Fv2%2Fmedia&parent=4136"}],"curies":[{"name":"wp","href":"https:\/\/api.w.org\/{rel}","templated":true}]}}