{"id":4181,"date":"2024-06-06T13:48:36","date_gmt":"2024-06-06T11:48:36","guid":{"rendered":"https:\/\/schule-barlsheide.hamburg.de\/?page_id=4181"},"modified":"2024-06-06T13:48:36","modified_gmt":"2024-06-06T11:48:36","slug":"besuch-beim-jungenschauspielhaus","status":"publish","type":"page","link":"https:\/\/schule-barlsheide.hamburg.de\/?page_id=4181","title":{"rendered":"BESUCH BEIM JUNGENSCHAUSPIELHAUS"},"content":{"rendered":"<p class=\"p1\"><span class=\"s2\">Drei Klassen des Jahrgang 4 haben die Vorf\u00fchrung Nimmerland im JungenSchauSpielhaus besucht.<\/span><\/p>\n<p class=\"p2\"><a href=\"https:\/\/schule-barlsheide.hamburg.de\/?attachment_id=4108\" rel=\"attachment wp-att-4108\"><img loading=\"lazy\" decoding=\"async\" class=\"size-medium wp-image-4108 alignright\" src=\"https:\/\/schule-barlsheide.hamburg.de\/wp-content\/uploads\/sites\/209\/2024\/04\/Schauspielhaus_01-e1713869816900-300x133.jpg\" alt=\"\" width=\"300\" height=\"133\" srcset=\"https:\/\/schule-barlsheide.hamburg.de\/wp-content\/uploads\/sites\/209\/2024\/04\/Schauspielhaus_01-e1713869816900-300x133.jpg 300w, https:\/\/schule-barlsheide.hamburg.de\/wp-content\/uploads\/sites\/209\/2024\/04\/Schauspielhaus_01-e1713869816900-1024x454.jpg 1024w, https:\/\/schule-barlsheide.hamburg.de\/wp-content\/uploads\/sites\/209\/2024\/04\/Schauspielhaus_01-e1713869816900-768x340.jpg 768w, https:\/\/schule-barlsheide.hamburg.de\/wp-content\/uploads\/sites\/209\/2024\/04\/Schauspielhaus_01-e1713869816900-1536x681.jpg 1536w, https:\/\/schule-barlsheide.hamburg.de\/wp-content\/uploads\/sites\/209\/2024\/04\/Schauspielhaus_01-e1713869816900.jpg 1992w\" sizes=\"auto, (max-width: 300px) 100vw, 300px\" \/><\/a><\/p>\n<p class=\"p1\"><span class=\"s2\">&#8222;Die zweite rechts, und dann geradeaus bis morgen fr\u00fch.&#8220; Wenn man dem legend\u00e4ren Peter Pan Glauben schenkt, befindet sich dort Nimmerland, eine Insel, auf der Kinder niemals erwachsen werden. Dabei gilt in Nimmerland ein ganz besonderes Prinzip, das unsere Fantasie herausfordert: Man muss es sich vorstellen, damit es Gestalt annimmt. Man muss an etwas glauben, damit es passiert. Wie sieht es also aus \u2013 unser Nimmerland? Und wollen wir \u00fcberhaupt immer Kind bleiben oder vielleicht doch lieber irgendwann zu Erwachsenen werden?<\/span><\/p>\n<p class=\"p2\">&nbsp;<\/p>\n<p class=\"p1\"><span class=\"s2\">Die Kinder waren fasziniert von &#8222;der Show&#8220;. Es gab viele interessante B\u00fchneneffekte, bunte fantasievolle Kost\u00fcme, Gesang und viele Geschichten, die die Kinder ergriffen.<\/span><\/p>\n<p class=\"p1\"><span class=\"s2\">Am Ende durfte die 4c noch am Publikumsgespr\u00e4ch teilnehmen, den SchauspielerInnen R\u00fcckmeldung geben und eine Menge \u00fcber das St\u00fcck erfahren.<\/span><\/p>\n<p class=\"p1\"><span class=\"s2\">Es war ein sch\u00f6ner Ausflug im &#8222;Fantasieland der Kindheit&#8220;.<\/span><\/p>\n<p class=\"p2\">&nbsp;<\/p>\n<p class=\"p1\"><span class=\"s2\">Frau Telliez<\/span><\/p>\n<p><a href=\"https:\/\/schule-barlsheide.hamburg.de\/wp-content\/uploads\/sites\/209\/2024\/04\/Schauspielhaus_02.jpg\" data-rel=\"lightbox\" data-rl_title=\"\" data-rl_caption=\"\" title=\"\"><img loading=\"lazy\" decoding=\"async\" class=\"alignnone size-medium wp-image-4109\" src=\"https:\/\/schule-barlsheide.hamburg.de\/wp-content\/uploads\/sites\/209\/2024\/04\/Schauspielhaus_02-300x225.jpg\" alt=\"\" width=\"300\" height=\"225\" srcset=\"https:\/\/schule-barlsheide.hamburg.de\/wp-content\/uploads\/sites\/209\/2024\/04\/Schauspielhaus_02-300x225.jpg 300w, https:\/\/schule-barlsheide.hamburg.de\/wp-content\/uploads\/sites\/209\/2024\/04\/Schauspielhaus_02-1024x768.jpg 1024w, https:\/\/schule-barlsheide.hamburg.de\/wp-content\/uploads\/sites\/209\/2024\/04\/Schauspielhaus_02-768x576.jpg 768w, https:\/\/schule-barlsheide.hamburg.de\/wp-content\/uploads\/sites\/209\/2024\/04\/Schauspielhaus_02-1536x1152.jpg 1536w, https:\/\/schule-barlsheide.hamburg.de\/wp-content\/uploads\/sites\/209\/2024\/04\/Schauspielhaus_02.jpg 2016w\" sizes=\"auto, (max-width: 300px) 100vw, 300px\" \/><\/a><\/p>\n","protected":false},"excerpt":{"rendered":"<p>Drei Klassen des Jahrgang 4 haben die Vorf\u00fchrung Nimmerland im JungenSchauSpielhaus besucht. &#8222;Die zweite rechts, und dann geradeaus bis morgen fr\u00fch.&#8220; Wenn man dem legend\u00e4ren Peter Pan Glauben schenkt, befindet&#46;&#46;&#46;<\/p>\n","protected":false},"author":360,"featured_media":0,"parent":0,"menu_order":0,"comment_status":"closed","ping_status":"closed","template":"","meta":{"_acf_changed":false,"footnotes":""},"class_list":["post-4181","page","type-page","status-publish","hentry"],"acf":[],"_links":{"self":[{"href":"https:\/\/schule-barlsheide.hamburg.de\/index.php?rest_route=\/wp\/v2\/pages\/4181","targetHints":{"allow":["GET"]}}],"collection":[{"href":"https:\/\/schule-barlsheide.hamburg.de\/index.php?rest_route=\/wp\/v2\/pages"}],"about":[{"href":"https:\/\/schule-barlsheide.hamburg.de\/index.php?rest_route=\/wp\/v2\/types\/page"}],"author":[{"embeddable":true,"href":"https:\/\/schule-barlsheide.hamburg.de\/index.php?rest_route=\/wp\/v2\/users\/360"}],"replies":[{"embeddable":true,"href":"https:\/\/schule-barlsheide.hamburg.de\/index.php?rest_route=%2Fwp%2Fv2%2Fcomments&post=4181"}],"version-history":[{"count":1,"href":"https:\/\/schule-barlsheide.hamburg.de\/index.php?rest_route=\/wp\/v2\/pages\/4181\/revisions"}],"predecessor-version":[{"id":4182,"href":"https:\/\/schule-barlsheide.hamburg.de\/index.php?rest_route=\/wp\/v2\/pages\/4181\/revisions\/4182"}],"wp:attachment":[{"href":"https:\/\/schule-barlsheide.hamburg.de\/index.php?rest_route=%2Fwp%2Fv2%2Fmedia&parent=4181"}],"curies":[{"name":"wp","href":"https:\/\/api.w.org\/{rel}","templated":true}]}}