{"id":4221,"date":"2024-06-20T14:10:06","date_gmt":"2024-06-20T12:10:06","guid":{"rendered":"https:\/\/schule-barlsheide.hamburg.de\/?page_id=4221"},"modified":"2024-06-20T14:10:06","modified_gmt":"2024-06-20T12:10:06","slug":"barlsheide-dance-crew-beim-flex-ab-6-schultheaterfestival-im-jungenschauspielhaus","status":"publish","type":"page","link":"https:\/\/schule-barlsheide.hamburg.de\/?page_id=4221","title":{"rendered":"Barlsheide Dance Crew beim FLEX ab 6 Schultheaterfestival im JungenSchauspielhaus"},"content":{"rendered":"<p style=\"text-align: justify\">Am Montag, den 17. Juni 2024, war die Barlsheide Dance Crew Gast beim JungenSchauspielhaus. Die Tanzkinder waren eingeladen, die Er\u00f6ffnung des Schultheaterfestivals ab Klasse 6 zu gestalten. Es war eine wundersch\u00f6ne Gelegenheit, die \u00e4ltere Sch\u00fclerlandschaft zu zeigen, was die J\u00fcngeren schon k\u00f6nnen.<\/p>\n<p style=\"text-align: justify\">Die Tanzshow wurde mit viel Applaus geehrt. Ein paar Kinder der Dance Crew wurden dann vom Junior Team auf der B\u00fchne interviewt. Es wurde \u00fcber Motivation zum Tanzen und Performen geredet. Zum Schluss w\u00fcnschte die Dance Crew den aufgeregten Klassen viel Gl\u00fcck und Mut f\u00fcr deren Auftritten beim Festival!<\/p>\n<p style=\"text-align: justify\">Frau Telliez<\/p>\n<p style=\"text-align: justify\">flex.hamburg: Unser Festival-Motto in diesem Jahr bringt den Geist der Beh\u00f6rde f\u00fcr Schule und Berufsbildung und den Wunsch nach einer friedlicheren Gesellschaft auf den Punkt: Junge Menschen sollen Kunst, Kultur und Politik mitgestalten und daran teilhaben k\u00f6nnen! @@ Unter dem Motto &#8222;FLEX out loud&#8220; haben die Barlsheide Dance Crew, das Charlotte-Paulsen-Gymnasium, die Stadtteilschule Eidelstedt und das Emilie-W\u00fcstenfeld-Gymnasium die Festivaleroffnung gerockt! Wir glauben fest daran: Wenn ihr auf der B\u00fchne so laut und mutig seid, k\u00f6nnt ihr das auch im Alltag sein &#8211; f\u00fcr euch selbst, f\u00fcr andere und f\u00fcr eine friedlichere Gesellschaft.<\/p>\n<div style=\"width: 480px;\" class=\"wp-video\"><video class=\"wp-video-shortcode\" id=\"video-4221-1\" width=\"480\" height=\"704\" preload=\"metadata\" controls=\"controls\"><source type=\"video\/mp4\" src=\"https:\/\/schule-barlsheide.hamburg.de\/wp-content\/uploads\/sites\/209\/2024\/06\/FFOZ6989.mp4?_=1\" \/><a href=\"https:\/\/schule-barlsheide.hamburg.de\/wp-content\/uploads\/sites\/209\/2024\/06\/FFOZ6989.mp4\">https:\/\/schule-barlsheide.hamburg.de\/wp-content\/uploads\/sites\/209\/2024\/06\/FFOZ6989.mp4<\/a><\/video><\/div>\n<p>&nbsp;<\/p>\n<div style=\"width: 544px;\" class=\"wp-video\"><video class=\"wp-video-shortcode\" id=\"video-4221-2\" width=\"544\" height=\"480\" preload=\"metadata\" controls=\"controls\"><source type=\"video\/mp4\" src=\"https:\/\/schule-barlsheide.hamburg.de\/wp-content\/uploads\/sites\/209\/2024\/06\/GVZZ8148.mp4?_=2\" \/><a href=\"https:\/\/schule-barlsheide.hamburg.de\/wp-content\/uploads\/sites\/209\/2024\/06\/GVZZ8148.mp4\">https:\/\/schule-barlsheide.hamburg.de\/wp-content\/uploads\/sites\/209\/2024\/06\/GVZZ8148.mp4<\/a><\/video><\/div>\n\n\t\t<style>\n\t\t\t#gallery-1 {\n\t\t\t\tmargin: auto;\n\t\t\t}\n\t\t\t#gallery-1 .gallery-item {\n\t\t\t\tfloat: left;\n\t\t\t\tmargin-top: 10px;\n\t\t\t\ttext-align: center;\n\t\t\t\twidth: 33%;\n\t\t\t}\n\t\t\t#gallery-1 img {\n\t\t\t\tborder: 2px solid #cfcfcf;\n\t\t\t}\n\t\t\t#gallery-1 .gallery-caption {\n\t\t\t\tmargin-left: 0;\n\t\t\t}\n\t\t\t\/* see gallery_shortcode() in wp-includes\/media.php *\/\n\t\t<\/style>\n\t\t<div id='gallery-1' class='gallery galleryid-4221 gallery-columns-3 gallery-size-thumbnail'><dl class='gallery-item'>\n\t\t\t<dt class='gallery-icon landscape'>\n\t\t\t\t<a href='https:\/\/schule-barlsheide.hamburg.de\/wp-content\/uploads\/sites\/209\/2024\/06\/FTTP5419.jpg' title=\"\" data-rl_title=\"\" class=\"rl-gallery-link\" data-rl_caption=\"\" data-rel=\"lightbox-gallery-1\"><img loading=\"lazy\" decoding=\"async\" width=\"150\" height=\"150\" src=\"https:\/\/schule-barlsheide.hamburg.de\/wp-content\/uploads\/sites\/209\/2024\/06\/FTTP5419-150x150.jpg\" class=\"attachment-thumbnail size-thumbnail\" alt=\"\" srcset=\"https:\/\/schule-barlsheide.hamburg.de\/wp-content\/uploads\/sites\/209\/2024\/06\/FTTP5419-150x150.jpg 150w, https:\/\/schule-barlsheide.hamburg.de\/wp-content\/uploads\/sites\/209\/2024\/06\/FTTP5419-80x80.jpg 80w, https:\/\/schule-barlsheide.hamburg.de\/wp-content\/uploads\/sites\/209\/2024\/06\/FTTP5419-320x320.jpg 320w\" sizes=\"auto, (max-width: 150px) 100vw, 150px\" \/><\/a>\n\t\t\t<\/dt><\/dl><dl class='gallery-item'>\n\t\t\t<dt class='gallery-icon landscape'>\n\t\t\t\t<a href='https:\/\/schule-barlsheide.hamburg.de\/wp-content\/uploads\/sites\/209\/2024\/06\/RBGV6064.jpg' title=\"\" data-rl_title=\"\" class=\"rl-gallery-link\" data-rl_caption=\"\" data-rel=\"lightbox-gallery-1\"><img loading=\"lazy\" decoding=\"async\" width=\"150\" height=\"150\" src=\"https:\/\/schule-barlsheide.hamburg.de\/wp-content\/uploads\/sites\/209\/2024\/06\/RBGV6064-150x150.jpg\" class=\"attachment-thumbnail size-thumbnail\" alt=\"\" srcset=\"https:\/\/schule-barlsheide.hamburg.de\/wp-content\/uploads\/sites\/209\/2024\/06\/RBGV6064-150x150.jpg 150w, https:\/\/schule-barlsheide.hamburg.de\/wp-content\/uploads\/sites\/209\/2024\/06\/RBGV6064-80x80.jpg 80w, https:\/\/schule-barlsheide.hamburg.de\/wp-content\/uploads\/sites\/209\/2024\/06\/RBGV6064-320x320.jpg 320w\" sizes=\"auto, (max-width: 150px) 100vw, 150px\" \/><\/a>\n\t\t\t<\/dt><\/dl><dl class='gallery-item'>\n\t\t\t<dt class='gallery-icon landscape'>\n\t\t\t\t<a href='https:\/\/schule-barlsheide.hamburg.de\/wp-content\/uploads\/sites\/209\/2024\/06\/UARF6286.jpg' title=\"\" data-rl_title=\"\" class=\"rl-gallery-link\" data-rl_caption=\"\" data-rel=\"lightbox-gallery-1\"><img loading=\"lazy\" decoding=\"async\" width=\"150\" height=\"150\" src=\"https:\/\/schule-barlsheide.hamburg.de\/wp-content\/uploads\/sites\/209\/2024\/06\/UARF6286-150x150.jpg\" class=\"attachment-thumbnail size-thumbnail\" alt=\"\" srcset=\"https:\/\/schule-barlsheide.hamburg.de\/wp-content\/uploads\/sites\/209\/2024\/06\/UARF6286-150x150.jpg 150w, https:\/\/schule-barlsheide.hamburg.de\/wp-content\/uploads\/sites\/209\/2024\/06\/UARF6286-80x80.jpg 80w, https:\/\/schule-barlsheide.hamburg.de\/wp-content\/uploads\/sites\/209\/2024\/06\/UARF6286-320x320.jpg 320w\" sizes=\"auto, (max-width: 150px) 100vw, 150px\" \/><\/a>\n\t\t\t<\/dt><\/dl><br style=\"clear: both\" \/><dl class='gallery-item'>\n\t\t\t<dt class='gallery-icon landscape'>\n\t\t\t\t<a href='https:\/\/schule-barlsheide.hamburg.de\/wp-content\/uploads\/sites\/209\/2024\/06\/TTVX0969.jpg' title=\"\" data-rl_title=\"\" class=\"rl-gallery-link\" data-rl_caption=\"\" data-rel=\"lightbox-gallery-1\"><img loading=\"lazy\" decoding=\"async\" width=\"150\" height=\"150\" src=\"https:\/\/schule-barlsheide.hamburg.de\/wp-content\/uploads\/sites\/209\/2024\/06\/TTVX0969-150x150.jpg\" class=\"attachment-thumbnail size-thumbnail\" alt=\"\" srcset=\"https:\/\/schule-barlsheide.hamburg.de\/wp-content\/uploads\/sites\/209\/2024\/06\/TTVX0969-150x150.jpg 150w, https:\/\/schule-barlsheide.hamburg.de\/wp-content\/uploads\/sites\/209\/2024\/06\/TTVX0969-80x80.jpg 80w, https:\/\/schule-barlsheide.hamburg.de\/wp-content\/uploads\/sites\/209\/2024\/06\/TTVX0969-320x320.jpg 320w\" sizes=\"auto, (max-width: 150px) 100vw, 150px\" \/><\/a>\n\t\t\t<\/dt><\/dl><dl class='gallery-item'>\n\t\t\t<dt class='gallery-icon landscape'>\n\t\t\t\t<a href='https:\/\/schule-barlsheide.hamburg.de\/wp-content\/uploads\/sites\/209\/2024\/06\/OOHO7148.jpg' title=\"\" data-rl_title=\"\" class=\"rl-gallery-link\" data-rl_caption=\"\" data-rel=\"lightbox-gallery-1\"><img loading=\"lazy\" decoding=\"async\" width=\"150\" height=\"150\" src=\"https:\/\/schule-barlsheide.hamburg.de\/wp-content\/uploads\/sites\/209\/2024\/06\/OOHO7148-150x150.jpg\" class=\"attachment-thumbnail size-thumbnail\" alt=\"\" srcset=\"https:\/\/schule-barlsheide.hamburg.de\/wp-content\/uploads\/sites\/209\/2024\/06\/OOHO7148-150x150.jpg 150w, https:\/\/schule-barlsheide.hamburg.de\/wp-content\/uploads\/sites\/209\/2024\/06\/OOHO7148-80x80.jpg 80w, https:\/\/schule-barlsheide.hamburg.de\/wp-content\/uploads\/sites\/209\/2024\/06\/OOHO7148-320x320.jpg 320w\" sizes=\"auto, (max-width: 150px) 100vw, 150px\" \/><\/a>\n\t\t\t<\/dt><\/dl><dl class='gallery-item'>\n\t\t\t<dt class='gallery-icon landscape'>\n\t\t\t\t<a href='https:\/\/schule-barlsheide.hamburg.de\/wp-content\/uploads\/sites\/209\/2024\/06\/NUGF0698.jpg' title=\"\" data-rl_title=\"\" class=\"rl-gallery-link\" data-rl_caption=\"\" data-rel=\"lightbox-gallery-1\"><img loading=\"lazy\" decoding=\"async\" width=\"150\" height=\"150\" src=\"https:\/\/schule-barlsheide.hamburg.de\/wp-content\/uploads\/sites\/209\/2024\/06\/NUGF0698-150x150.jpg\" class=\"attachment-thumbnail size-thumbnail\" alt=\"\" srcset=\"https:\/\/schule-barlsheide.hamburg.de\/wp-content\/uploads\/sites\/209\/2024\/06\/NUGF0698-150x150.jpg 150w, https:\/\/schule-barlsheide.hamburg.de\/wp-content\/uploads\/sites\/209\/2024\/06\/NUGF0698-80x80.jpg 80w, https:\/\/schule-barlsheide.hamburg.de\/wp-content\/uploads\/sites\/209\/2024\/06\/NUGF0698-320x320.jpg 320w\" sizes=\"auto, (max-width: 150px) 100vw, 150px\" \/><\/a>\n\t\t\t<\/dt><\/dl><br style=\"clear: both\" \/>\n\t\t<\/div>\n\n","protected":false},"excerpt":{"rendered":"<p>Am Montag, den 17. Juni 2024, war die Barlsheide Dance Crew Gast beim JungenSchauspielhaus. Die Tanzkinder waren eingeladen, die Er\u00f6ffnung des Schultheaterfestivals ab Klasse 6 zu gestalten. Es war eine&#46;&#46;&#46;<\/p>\n","protected":false},"author":360,"featured_media":0,"parent":0,"menu_order":0,"comment_status":"closed","ping_status":"closed","template":"","meta":{"_acf_changed":false,"footnotes":""},"class_list":["post-4221","page","type-page","status-publish","hentry"],"acf":[],"_links":{"self":[{"href":"https:\/\/schule-barlsheide.hamburg.de\/index.php?rest_route=\/wp\/v2\/pages\/4221","targetHints":{"allow":["GET"]}}],"collection":[{"href":"https:\/\/schule-barlsheide.hamburg.de\/index.php?rest_route=\/wp\/v2\/pages"}],"about":[{"href":"https:\/\/schule-barlsheide.hamburg.de\/index.php?rest_route=\/wp\/v2\/types\/page"}],"author":[{"embeddable":true,"href":"https:\/\/schule-barlsheide.hamburg.de\/index.php?rest_route=\/wp\/v2\/users\/360"}],"replies":[{"embeddable":true,"href":"https:\/\/schule-barlsheide.hamburg.de\/index.php?rest_route=%2Fwp%2Fv2%2Fcomments&post=4221"}],"version-history":[{"count":1,"href":"https:\/\/schule-barlsheide.hamburg.de\/index.php?rest_route=\/wp\/v2\/pages\/4221\/revisions"}],"predecessor-version":[{"id":4222,"href":"https:\/\/schule-barlsheide.hamburg.de\/index.php?rest_route=\/wp\/v2\/pages\/4221\/revisions\/4222"}],"wp:attachment":[{"href":"https:\/\/schule-barlsheide.hamburg.de\/index.php?rest_route=%2Fwp%2Fv2%2Fmedia&parent=4221"}],"curies":[{"name":"wp","href":"https:\/\/api.w.org\/{rel}","templated":true}]}}