{"id":4253,"date":"2024-06-23T19:40:46","date_gmt":"2024-06-23T17:40:46","guid":{"rendered":"https:\/\/schule-barlsheide.hamburg.de\/?page_id=4253"},"modified":"2024-06-23T19:40:46","modified_gmt":"2024-06-23T17:40:46","slug":"schule-barlsheide-beim-flex-bis-6-schultheaterfestival-2024","status":"publish","type":"page","link":"https:\/\/schule-barlsheide.hamburg.de\/?page_id=4253","title":{"rendered":"Schule Barlsheide beim Flex bis 6 Schultheaterfestival 2024"},"content":{"rendered":"<p style=\"text-align: justify\">Dieses Jahr durfte der wunderbare Chor unserer Schule (Leitung: Herr Wahl und Herr Heils) die Ouvert\u00fcre des Schultheaterfestivals &#8222;Flex bis 6&#8220; im Thalia Theater in der Gau\u00dfstra\u00dfe gestalten.<\/p>\n<p style=\"text-align: justify\">Wie die letzten 2 Jahre war der Opener grandios und die Stimmen der Kinder sangen sich in die Herzen der Zuschauer. Das Ende des Festivals war ebenfalls durch unsere Schule vertreten. Die Barlsheide Dance Crew tanzte 2 St\u00fccke, die viel Applaus und Jubel bekamen. F\u00fcr die Kinder unserer Schule war es eine sehr besondere und st\u00e4rkende Erfahrung, vor so vielen Menschen auf einer professionellen B\u00fchne zu stehen.<br \/>\nDanke!<\/p>\n<p>Frau Telliez<\/p>\n<p><iframe loading=\"lazy\" src=\"\/\/www.youtube.com\/embed\/Aok9kouSiBE\" width=\"560\" height=\"314\" allowfullscreen=\"allowfullscreen\"><\/iframe><\/p>\n\n\t\t<style>\n\t\t\t#gallery-1 {\n\t\t\t\tmargin: auto;\n\t\t\t}\n\t\t\t#gallery-1 .gallery-item {\n\t\t\t\tfloat: left;\n\t\t\t\tmargin-top: 10px;\n\t\t\t\ttext-align: center;\n\t\t\t\twidth: 33%;\n\t\t\t}\n\t\t\t#gallery-1 img {\n\t\t\t\tborder: 2px solid #cfcfcf;\n\t\t\t}\n\t\t\t#gallery-1 .gallery-caption {\n\t\t\t\tmargin-left: 0;\n\t\t\t}\n\t\t\t\/* see gallery_shortcode() in wp-includes\/media.php *\/\n\t\t<\/style>\n\t\t<div id='gallery-1' class='gallery galleryid-4253 gallery-columns-3 gallery-size-thumbnail'><dl class='gallery-item'>\n\t\t\t<dt class='gallery-icon landscape'>\n\t\t\t\t<a href='https:\/\/schule-barlsheide.hamburg.de\/wp-content\/uploads\/sites\/209\/2024\/06\/IMG_9057.jpg' data-rl_caption=\"\" data-rel=\"lightbox-image-bGlnaHRib3gtZ2FsbGVyeS0x\" data-rl_title=\"\" data-rl_caption=\"\"><img loading=\"lazy\" decoding=\"async\" id=\"bsb-copyright-img-1\" width=\"150\" height=\"150\" src=\"https:\/\/schule-barlsheide.hamburg.de\/wp-content\/uploads\/sites\/209\/2024\/06\/IMG_9057-150x150.jpg\" class=\"attachment-thumbnail size-thumbnail rl-gallery-link\"  alt=\"\" srcset=\"https:\/\/schule-barlsheide.hamburg.de\/wp-content\/uploads\/sites\/209\/2024\/06\/IMG_9057-150x150.jpg 150w, https:\/\/schule-barlsheide.hamburg.de\/wp-content\/uploads\/sites\/209\/2024\/06\/IMG_9057-80x80.jpg 80w, https:\/\/schule-barlsheide.hamburg.de\/wp-content\/uploads\/sites\/209\/2024\/06\/IMG_9057-320x320.jpg 320w\" sizes=\"auto, (max-width: 150px) 100vw, 150px\" \/><a class=\"bsb-media-copyright-link rl-gallery-link\"  id=\"bsb-copyright-reflink-1\" href=\"#bsb-copyright-ref-1\" title=\"\" data-rl_title=\"\" data-rl_caption=\"\" data-rel=\"lightbox-gallery-1\">\u00a9 1<\/a><\/a>\n\t\t\t<\/dt><\/dl><dl class='gallery-item'>\n\t\t\t<dt class='gallery-icon landscape'>\n\t\t\t\t<a href='https:\/\/schule-barlsheide.hamburg.de\/wp-content\/uploads\/sites\/209\/2024\/06\/IMG_9059.jpg' data-rl_caption=\"\" data-rel=\"lightbox-image-bGlnaHRib3gtZ2FsbGVyeS0x\" data-rl_title=\"\" data-rl_caption=\"\"><img loading=\"lazy\" decoding=\"async\" id=\"bsb-copyright-img-2\" width=\"150\" height=\"150\" src=\"https:\/\/schule-barlsheide.hamburg.de\/wp-content\/uploads\/sites\/209\/2024\/06\/IMG_9059-150x150.jpg\" class=\"attachment-thumbnail size-thumbnail rl-gallery-link\"  alt=\"\" srcset=\"https:\/\/schule-barlsheide.hamburg.de\/wp-content\/uploads\/sites\/209\/2024\/06\/IMG_9059-150x150.jpg 150w, https:\/\/schule-barlsheide.hamburg.de\/wp-content\/uploads\/sites\/209\/2024\/06\/IMG_9059-80x80.jpg 80w, https:\/\/schule-barlsheide.hamburg.de\/wp-content\/uploads\/sites\/209\/2024\/06\/IMG_9059-320x320.jpg 320w\" sizes=\"auto, (max-width: 150px) 100vw, 150px\" \/><a class=\"bsb-media-copyright-link rl-gallery-link\"  id=\"bsb-copyright-reflink-2\" href=\"#bsb-copyright-ref-2\" title=\"\" data-rl_title=\"\" data-rl_caption=\"\" data-rel=\"lightbox-gallery-1\">\u00a9 2<\/a><\/a>\n\t\t\t<\/dt><\/dl><dl class='gallery-item'>\n\t\t\t<dt class='gallery-icon landscape'>\n\t\t\t\t<a href='https:\/\/schule-barlsheide.hamburg.de\/wp-content\/uploads\/sites\/209\/2024\/06\/IMG_9064.jpg' data-rl_caption=\"\" data-rel=\"lightbox-image-bGlnaHRib3gtZ2FsbGVyeS0x\" data-rl_title=\"\" data-rl_caption=\"\"><img loading=\"lazy\" decoding=\"async\" id=\"bsb-copyright-img-3\" width=\"150\" height=\"150\" src=\"https:\/\/schule-barlsheide.hamburg.de\/wp-content\/uploads\/sites\/209\/2024\/06\/IMG_9064-150x150.jpg\" class=\"attachment-thumbnail size-thumbnail rl-gallery-link\"  alt=\"\" srcset=\"https:\/\/schule-barlsheide.hamburg.de\/wp-content\/uploads\/sites\/209\/2024\/06\/IMG_9064-150x150.jpg 150w, https:\/\/schule-barlsheide.hamburg.de\/wp-content\/uploads\/sites\/209\/2024\/06\/IMG_9064-80x80.jpg 80w, https:\/\/schule-barlsheide.hamburg.de\/wp-content\/uploads\/sites\/209\/2024\/06\/IMG_9064-320x320.jpg 320w\" sizes=\"auto, (max-width: 150px) 100vw, 150px\" \/><a class=\"bsb-media-copyright-link rl-gallery-link\"  id=\"bsb-copyright-reflink-3\" href=\"#bsb-copyright-ref-3\" title=\"\" data-rl_title=\"\" data-rl_caption=\"\" data-rel=\"lightbox-gallery-1\">\u00a9 3<\/a><\/a>\n\t\t\t<\/dt><\/dl><br style=\"clear: both\" \/><dl class='gallery-item'>\n\t\t\t<dt class='gallery-icon landscape'>\n\t\t\t\t<a href='https:\/\/schule-barlsheide.hamburg.de\/wp-content\/uploads\/sites\/209\/2024\/06\/IMG_9066.jpg' data-rl_caption=\"\" data-rel=\"lightbox-image-bGlnaHRib3gtZ2FsbGVyeS0x\" data-rl_title=\"\" data-rl_caption=\"\"><img loading=\"lazy\" decoding=\"async\" id=\"bsb-copyright-img-4\" width=\"150\" height=\"150\" src=\"https:\/\/schule-barlsheide.hamburg.de\/wp-content\/uploads\/sites\/209\/2024\/06\/IMG_9066-150x150.jpg\" class=\"attachment-thumbnail size-thumbnail rl-gallery-link\"  alt=\"\" srcset=\"https:\/\/schule-barlsheide.hamburg.de\/wp-content\/uploads\/sites\/209\/2024\/06\/IMG_9066-150x150.jpg 150w, https:\/\/schule-barlsheide.hamburg.de\/wp-content\/uploads\/sites\/209\/2024\/06\/IMG_9066-80x80.jpg 80w, https:\/\/schule-barlsheide.hamburg.de\/wp-content\/uploads\/sites\/209\/2024\/06\/IMG_9066-320x320.jpg 320w\" sizes=\"auto, (max-width: 150px) 100vw, 150px\" \/><a class=\"bsb-media-copyright-link rl-gallery-link\"  id=\"bsb-copyright-reflink-4\" href=\"#bsb-copyright-ref-4\" title=\"\" data-rl_title=\"\" data-rl_caption=\"\" data-rel=\"lightbox-gallery-1\">\u00a9 4<\/a><\/a>\n\t\t\t<\/dt><\/dl><dl class='gallery-item'>\n\t\t\t<dt class='gallery-icon landscape'>\n\t\t\t\t<a href='https:\/\/schule-barlsheide.hamburg.de\/wp-content\/uploads\/sites\/209\/2024\/06\/IMG_9068.jpg' data-rl_caption=\"\" data-rel=\"lightbox-image-bGlnaHRib3gtZ2FsbGVyeS0x\" data-rl_title=\"\" data-rl_caption=\"\"><img loading=\"lazy\" decoding=\"async\" id=\"bsb-copyright-img-5\" width=\"150\" height=\"150\" src=\"https:\/\/schule-barlsheide.hamburg.de\/wp-content\/uploads\/sites\/209\/2024\/06\/IMG_9068-150x150.jpg\" class=\"attachment-thumbnail size-thumbnail rl-gallery-link\"  alt=\"\" srcset=\"https:\/\/schule-barlsheide.hamburg.de\/wp-content\/uploads\/sites\/209\/2024\/06\/IMG_9068-150x150.jpg 150w, https:\/\/schule-barlsheide.hamburg.de\/wp-content\/uploads\/sites\/209\/2024\/06\/IMG_9068-80x80.jpg 80w, https:\/\/schule-barlsheide.hamburg.de\/wp-content\/uploads\/sites\/209\/2024\/06\/IMG_9068-320x320.jpg 320w\" sizes=\"auto, (max-width: 150px) 100vw, 150px\" \/><a class=\"bsb-media-copyright-link rl-gallery-link\"  id=\"bsb-copyright-reflink-5\" href=\"#bsb-copyright-ref-5\" title=\"\" data-rl_title=\"\" data-rl_caption=\"\" data-rel=\"lightbox-gallery-1\">\u00a9 5<\/a><\/a>\n\t\t\t<\/dt><\/dl><dl class='gallery-item'>\n\t\t\t<dt class='gallery-icon landscape'>\n\t\t\t\t<a href='https:\/\/schule-barlsheide.hamburg.de\/wp-content\/uploads\/sites\/209\/2024\/06\/IMG_9073.jpg' data-rl_caption=\"\" data-rel=\"lightbox-image-bGlnaHRib3gtZ2FsbGVyeS0x\" data-rl_title=\"\" data-rl_caption=\"\"><img loading=\"lazy\" decoding=\"async\" id=\"bsb-copyright-img-6\" width=\"150\" height=\"150\" src=\"https:\/\/schule-barlsheide.hamburg.de\/wp-content\/uploads\/sites\/209\/2024\/06\/IMG_9073-150x150.jpg\" class=\"attachment-thumbnail size-thumbnail rl-gallery-link\"  alt=\"\" srcset=\"https:\/\/schule-barlsheide.hamburg.de\/wp-content\/uploads\/sites\/209\/2024\/06\/IMG_9073-150x150.jpg 150w, https:\/\/schule-barlsheide.hamburg.de\/wp-content\/uploads\/sites\/209\/2024\/06\/IMG_9073-80x80.jpg 80w, https:\/\/schule-barlsheide.hamburg.de\/wp-content\/uploads\/sites\/209\/2024\/06\/IMG_9073-320x320.jpg 320w\" sizes=\"auto, (max-width: 150px) 100vw, 150px\" \/><a class=\"bsb-media-copyright-link rl-gallery-link\"  id=\"bsb-copyright-reflink-6\" href=\"#bsb-copyright-ref-6\" title=\"\" data-rl_title=\"\" data-rl_caption=\"\" data-rel=\"lightbox-gallery-1\">\u00a9 6<\/a><\/a>\n\t\t\t<\/dt><\/dl><br style=\"clear: both\" \/><dl class='gallery-item'>\n\t\t\t<dt class='gallery-icon landscape'>\n\t\t\t\t<a href='https:\/\/schule-barlsheide.hamburg.de\/wp-content\/uploads\/sites\/209\/2024\/06\/IMG_9080.jpg' data-rl_caption=\"\" data-rel=\"lightbox-image-bGlnaHRib3gtZ2FsbGVyeS0x\" data-rl_title=\"\" data-rl_caption=\"\"><img loading=\"lazy\" decoding=\"async\" id=\"bsb-copyright-img-7\" width=\"150\" height=\"150\" src=\"https:\/\/schule-barlsheide.hamburg.de\/wp-content\/uploads\/sites\/209\/2024\/06\/IMG_9080-150x150.jpg\" class=\"attachment-thumbnail size-thumbnail rl-gallery-link\"  alt=\"\" srcset=\"https:\/\/schule-barlsheide.hamburg.de\/wp-content\/uploads\/sites\/209\/2024\/06\/IMG_9080-150x150.jpg 150w, https:\/\/schule-barlsheide.hamburg.de\/wp-content\/uploads\/sites\/209\/2024\/06\/IMG_9080-80x80.jpg 80w, https:\/\/schule-barlsheide.hamburg.de\/wp-content\/uploads\/sites\/209\/2024\/06\/IMG_9080-320x320.jpg 320w\" sizes=\"auto, (max-width: 150px) 100vw, 150px\" \/><a class=\"bsb-media-copyright-link rl-gallery-link\"  id=\"bsb-copyright-reflink-7\" href=\"#bsb-copyright-ref-7\" title=\"\" data-rl_title=\"\" data-rl_caption=\"\" data-rel=\"lightbox-gallery-1\">\u00a9 7<\/a><\/a>\n\t\t\t<\/dt><\/dl><dl class='gallery-item'>\n\t\t\t<dt class='gallery-icon portrait'>\n\t\t\t\t<a href='https:\/\/schule-barlsheide.hamburg.de\/wp-content\/uploads\/sites\/209\/2024\/06\/IMG_8399.jpg' data-rl_caption=\"\" data-rel=\"lightbox-image-bGlnaHRib3gtZ2FsbGVyeS0x\" data-rl_title=\"\" data-rl_caption=\"\"><img loading=\"lazy\" decoding=\"async\" id=\"bsb-copyright-img-8\" width=\"150\" height=\"150\" src=\"https:\/\/schule-barlsheide.hamburg.de\/wp-content\/uploads\/sites\/209\/2024\/06\/IMG_8399-150x150.jpg\" class=\"attachment-thumbnail size-thumbnail rl-gallery-link\"  alt=\"\" srcset=\"https:\/\/schule-barlsheide.hamburg.de\/wp-content\/uploads\/sites\/209\/2024\/06\/IMG_8399-150x150.jpg 150w, https:\/\/schule-barlsheide.hamburg.de\/wp-content\/uploads\/sites\/209\/2024\/06\/IMG_8399-80x80.jpg 80w, https:\/\/schule-barlsheide.hamburg.de\/wp-content\/uploads\/sites\/209\/2024\/06\/IMG_8399-320x320.jpg 320w\" sizes=\"auto, (max-width: 150px) 100vw, 150px\" \/><a class=\"bsb-media-copyright-link rl-gallery-link\"  id=\"bsb-copyright-reflink-8\" href=\"#bsb-copyright-ref-8\" title=\"\" data-rl_title=\"\" data-rl_caption=\"\" data-rel=\"lightbox-gallery-1\">\u00a9 8<\/a><\/a>\n\t\t\t<\/dt><\/dl><dl class='gallery-item'>\n\t\t\t<dt class='gallery-icon portrait'>\n\t\t\t\t<a href='https:\/\/schule-barlsheide.hamburg.de\/wp-content\/uploads\/sites\/209\/2024\/06\/IMG_8402.jpg' data-rl_caption=\"\" data-rel=\"lightbox-image-bGlnaHRib3gtZ2FsbGVyeS0x\" data-rl_title=\"\" data-rl_caption=\"\"><img loading=\"lazy\" decoding=\"async\" id=\"bsb-copyright-img-9\" width=\"150\" height=\"150\" src=\"https:\/\/schule-barlsheide.hamburg.de\/wp-content\/uploads\/sites\/209\/2024\/06\/IMG_8402-150x150.jpg\" class=\"attachment-thumbnail size-thumbnail rl-gallery-link\"  alt=\"\" srcset=\"https:\/\/schule-barlsheide.hamburg.de\/wp-content\/uploads\/sites\/209\/2024\/06\/IMG_8402-150x150.jpg 150w, https:\/\/schule-barlsheide.hamburg.de\/wp-content\/uploads\/sites\/209\/2024\/06\/IMG_8402-80x80.jpg 80w, https:\/\/schule-barlsheide.hamburg.de\/wp-content\/uploads\/sites\/209\/2024\/06\/IMG_8402-320x320.jpg 320w\" sizes=\"auto, (max-width: 150px) 100vw, 150px\" \/><a class=\"bsb-media-copyright-link rl-gallery-link\"  id=\"bsb-copyright-reflink-9\" href=\"#bsb-copyright-ref-9\" title=\"\" data-rl_title=\"\" data-rl_caption=\"\" data-rel=\"lightbox-gallery-1\">\u00a9 9<\/a><\/a>\n\t\t\t<\/dt><\/dl><br style=\"clear: both\" \/><dl class='gallery-item'>\n\t\t\t<dt class='gallery-icon portrait'>\n\t\t\t\t<a href='https:\/\/schule-barlsheide.hamburg.de\/wp-content\/uploads\/sites\/209\/2024\/06\/IMG_8400.jpg' data-rl_caption=\"\" data-rel=\"lightbox-image-bGlnaHRib3gtZ2FsbGVyeS0x\" data-rl_title=\"\" data-rl_caption=\"\"><img loading=\"lazy\" decoding=\"async\" id=\"bsb-copyright-img-10\" width=\"150\" height=\"150\" src=\"https:\/\/schule-barlsheide.hamburg.de\/wp-content\/uploads\/sites\/209\/2024\/06\/IMG_8400-150x150.jpg\" class=\"attachment-thumbnail size-thumbnail rl-gallery-link\"  alt=\"\" srcset=\"https:\/\/schule-barlsheide.hamburg.de\/wp-content\/uploads\/sites\/209\/2024\/06\/IMG_8400-150x150.jpg 150w, https:\/\/schule-barlsheide.hamburg.de\/wp-content\/uploads\/sites\/209\/2024\/06\/IMG_8400-80x80.jpg 80w, https:\/\/schule-barlsheide.hamburg.de\/wp-content\/uploads\/sites\/209\/2024\/06\/IMG_8400-320x320.jpg 320w\" sizes=\"auto, (max-width: 150px) 100vw, 150px\" \/><a class=\"bsb-media-copyright-link rl-gallery-link\"  id=\"bsb-copyright-reflink-10\" href=\"#bsb-copyright-ref-10\" title=\"\" data-rl_title=\"\" data-rl_caption=\"\" data-rel=\"lightbox-gallery-1\">\u00a9 10<\/a><\/a>\n\t\t\t<\/dt><\/dl>\n\t\t\t<br style='clear: both' \/>\n\t\t<\/div>\n\n<p>&nbsp;<\/p>\n","protected":false},"excerpt":{"rendered":"<p>Dieses Jahr durfte der wunderbare Chor unserer Schule (Leitung: Herr Wahl und Herr Heils) die Ouvert\u00fcre des Schultheaterfestivals &#8222;Flex bis 6&#8220; im Thalia Theater in der Gau\u00dfstra\u00dfe gestalten. Wie die&#46;&#46;&#46;<\/p>\n","protected":false},"author":360,"featured_media":0,"parent":0,"menu_order":0,"comment_status":"closed","ping_status":"closed","template":"","meta":{"_acf_changed":false,"footnotes":""},"class_list":["post-4253","page","type-page","status-publish","hentry"],"acf":[],"_links":{"self":[{"href":"https:\/\/schule-barlsheide.hamburg.de\/index.php?rest_route=\/wp\/v2\/pages\/4253","targetHints":{"allow":["GET"]}}],"collection":[{"href":"https:\/\/schule-barlsheide.hamburg.de\/index.php?rest_route=\/wp\/v2\/pages"}],"about":[{"href":"https:\/\/schule-barlsheide.hamburg.de\/index.php?rest_route=\/wp\/v2\/types\/page"}],"author":[{"embeddable":true,"href":"https:\/\/schule-barlsheide.hamburg.de\/index.php?rest_route=\/wp\/v2\/users\/360"}],"replies":[{"embeddable":true,"href":"https:\/\/schule-barlsheide.hamburg.de\/index.php?rest_route=%2Fwp%2Fv2%2Fcomments&post=4253"}],"version-history":[{"count":1,"href":"https:\/\/schule-barlsheide.hamburg.de\/index.php?rest_route=\/wp\/v2\/pages\/4253\/revisions"}],"predecessor-version":[{"id":4254,"href":"https:\/\/schule-barlsheide.hamburg.de\/index.php?rest_route=\/wp\/v2\/pages\/4253\/revisions\/4254"}],"wp:attachment":[{"href":"https:\/\/schule-barlsheide.hamburg.de\/index.php?rest_route=%2Fwp%2Fv2%2Fmedia&parent=4253"}],"curies":[{"name":"wp","href":"https:\/\/api.w.org\/{rel}","templated":true}]}}