{"id":4285,"date":"2024-07-16T17:06:51","date_gmt":"2024-07-16T15:06:51","guid":{"rendered":"https:\/\/schule-barlsheide.hamburg.de\/?page_id=4285"},"modified":"2026-01-29T11:58:45","modified_gmt":"2026-01-29T10:58:45","slug":"fussballturnier-der-3-und-4-klassen","status":"publish","type":"page","link":"https:\/\/schule-barlsheide.hamburg.de\/?page_id=4285","title":{"rendered":"Fu\u00dfballturnier der 3. und 4. Klassen"},"content":{"rendered":"<p style=\"text-align: justify\">Am Dienstag, den 16. Juli, gab es &#8211; einen Tag vor dem letzten Schultag &#8211; noch ein gro\u00dfes Highlight f\u00fcr die 3. und 4. Klassen: Ein Fu\u00dfballturnier &#8211; angelehnt an die vor kurzem stattgefundene EM! Von der 1. bis 3. Stunde k\u00e4mpften alle vier 4. Klassen in spannenden Spielen um jeden Ball. Mit Teamplay, Fairness und Dank unserer neutralen Schiedsrichter konnten die Begegnungen gut durchgef\u00fchrt werden.<a href=\"https:\/\/schule-barlsheide.hamburg.de\/?attachment_id=4282\" rel=\"attachment wp-att-4282\"><img loading=\"lazy\" decoding=\"async\" class=\"size-medium wp-image-4282 alignright\" src=\"https:\/\/schule-barlsheide.hamburg.de\/wp-content\/uploads\/sites\/209\/2024\/07\/IMG_0945-300x225.jpg\" alt=\"\" width=\"300\" height=\"225\" srcset=\"https:\/\/schule-barlsheide.hamburg.de\/wp-content\/uploads\/sites\/209\/2024\/07\/IMG_0945-300x225.jpg 300w, https:\/\/schule-barlsheide.hamburg.de\/wp-content\/uploads\/sites\/209\/2024\/07\/IMG_0945-1024x768.jpg 1024w, https:\/\/schule-barlsheide.hamburg.de\/wp-content\/uploads\/sites\/209\/2024\/07\/IMG_0945-768x576.jpg 768w, https:\/\/schule-barlsheide.hamburg.de\/wp-content\/uploads\/sites\/209\/2024\/07\/IMG_0945-1536x1152.jpg 1536w, https:\/\/schule-barlsheide.hamburg.de\/wp-content\/uploads\/sites\/209\/2024\/07\/IMG_0945.jpg 2048w\" sizes=\"auto, (max-width: 300px) 100vw, 300px\" \/><\/a><\/p>\n<p style=\"text-align: justify\">In der 4. und 5. Stunde trafen die drei 3. Klassen aufeinander. In jedem Spiel konnte den man den Ehrgeiz der Kinder sp\u00fcren: Jede Klasse wollte gewinnen! Aber wie so oft im Leben gab es Gewinner, aber auch Verlierer. Trotzdem haben die Kinder ihren Spa\u00df gehabt und dabei sein ist alles!<\/p>\n<p style=\"text-align: justify\">Um 13.30 Uhr trafen sich die Klassen auf dem Fu\u00dfballplatz und es erfolgte die Siegerehrung. Herr Heils, der das Turnier initiiert hat, hat zusammen mit Herrn Walz, der als Schiedsrichter t\u00e4tig war, allen Kindern f\u00fcr ihre sportliche Leistung gedankt. Jede Klasse hat einen Pokal und eine Urkunde bekommen und die Kinder waren m\u00e4chtig stolz.<\/p>\n<p><strong>Platzierungen der Klassen:<\/strong><\/p>\n<ol>\n<li>3a<\/li>\n<li>3b<\/li>\n<li>3c<\/li>\n<\/ol>\n<p>&nbsp;<\/p>\n<ol>\n<li>4d<\/li>\n<li>4b<\/li>\n<li>4a<\/li>\n<li>4c<\/li>\n<\/ol>\n","protected":false},"excerpt":{"rendered":"<p>Am Dienstag, den 16. Juli, gab es &#8211; einen Tag vor dem letzten Schultag &#8211; noch ein gro\u00dfes Highlight f\u00fcr die 3. und 4. Klassen: Ein Fu\u00dfballturnier &#8211; angelehnt an&#46;&#46;&#46;<\/p>\n","protected":false},"author":360,"featured_media":0,"parent":0,"menu_order":0,"comment_status":"closed","ping_status":"closed","template":"","meta":{"_acf_changed":false,"footnotes":""},"class_list":["post-4285","page","type-page","status-publish","hentry"],"acf":[],"_links":{"self":[{"href":"https:\/\/schule-barlsheide.hamburg.de\/index.php?rest_route=\/wp\/v2\/pages\/4285","targetHints":{"allow":["GET"]}}],"collection":[{"href":"https:\/\/schule-barlsheide.hamburg.de\/index.php?rest_route=\/wp\/v2\/pages"}],"about":[{"href":"https:\/\/schule-barlsheide.hamburg.de\/index.php?rest_route=\/wp\/v2\/types\/page"}],"author":[{"embeddable":true,"href":"https:\/\/schule-barlsheide.hamburg.de\/index.php?rest_route=\/wp\/v2\/users\/360"}],"replies":[{"embeddable":true,"href":"https:\/\/schule-barlsheide.hamburg.de\/index.php?rest_route=%2Fwp%2Fv2%2Fcomments&post=4285"}],"version-history":[{"count":1,"href":"https:\/\/schule-barlsheide.hamburg.de\/index.php?rest_route=\/wp\/v2\/pages\/4285\/revisions"}],"predecessor-version":[{"id":4286,"href":"https:\/\/schule-barlsheide.hamburg.de\/index.php?rest_route=\/wp\/v2\/pages\/4285\/revisions\/4286"}],"wp:attachment":[{"href":"https:\/\/schule-barlsheide.hamburg.de\/index.php?rest_route=%2Fwp%2Fv2%2Fmedia&parent=4285"}],"curies":[{"name":"wp","href":"https:\/\/api.w.org\/{rel}","templated":true}]}}