{"id":44,"date":"2015-10-03T09:57:06","date_gmt":"2015-10-03T07:57:06","guid":{"rendered":"http:\/\/schule-barlsheide.schulhomepages.hamburg.de\/?page_id=44"},"modified":"2015-10-03T11:06:46","modified_gmt":"2015-10-03T09:06:46","slug":"ueber-die-schule","status":"publish","type":"page","link":"https:\/\/schule-barlsheide.hamburg.de\/?page_id=44","title":{"rendered":"\u00dcber die Schule"},"content":{"rendered":"<p align=\"justify\">Die Ganztagesgrundschule Barlsheide liegt im Hamburger Stadtteil Osdorf, am Rande des dicht besiedelten Wohngebietes Osdorfer Born.<\/p>\n<p align=\"justify\">Insgesamt werden mehr als 420 Kinder aus vielen verschiedenen L\u00e4ndern von \u00fcber 60 LehrerInnen, SonderschullehrerInnen, Sozialp\u00e4dagogInnen und ErzieherInnen in unserem barrierefreien Neubau unterrichtet.<\/p>\n<p align=\"justify\">Eine Betreuung vor und nach der Unterrichtszeit, am Freitagnachmittag und in den Ferien bieten wir in Kooperation mit dem Hamburger Schulverein e.V. an.<\/p>\n<p align=\"justify\">Der Unterricht findet f\u00fcr alle Kinder verbindlich von 8 Uhr bis 16 Uhr statt,\u00a0 wobei sich Fachunterricht, Pausen und Entspannungszeiten abwechseln. Dazu haben wir in unserem Neubau viele Fachr\u00e4ume, die den Unterricht im Ganztag abwechslungsreicher machen und neue Gestaltungsm\u00f6glichkeiten bieten. Hierzu z\u00e4hlen ein Computer-, ein Werk-, ein Bewegungs-, ein Musik- und ein Sachunterrichtsraum. Die Turnhalle, der Ganztagesraum, die Aula mit B\u00fchne, die Bibliothek, die Mensa und das Foyer runden die R\u00e4umlichkeiten ab.<\/p>\n<p align=\"justify\">F\u00fcr das gemeinsame Fr\u00fchst\u00fcck in der Klasse bringen die Kinder von zu Hause\u00a0 Brot, Obst, Gem\u00fcse und\/oder Getr\u00e4nke mit. Zur Mittagszeit liefert ein Caterer t\u00e4glich ein Essen, das f\u00fcr alle Kinder eine gesunde, abwechslungsreiche und ausgewogene Ern\u00e4hrung gew\u00e4hrleistet. Damit kein Kind aufgrund seiner Religionszugeh\u00f6rigkeit auf das Essen verzichten muss, gibt es bei uns keine Speisen, die Schweinefleisch enthalten. Auch auf bekannte Allergien versuchen wir, R\u00fccksicht zu nehmen.<\/p>\n<p align=\"justify\">Die Kinder essen klassenweise in Begleitung einer P\u00e4dagogin in der Mensa und haben dabei viel Zeit f\u00fcr Gespr\u00e4che miteinander. Dieses gemeinsame Essen und Trinken verbindet, st\u00e4rkt das &#8222;Wir-Gef\u00fchl&#8220; und f\u00f6rdert das soziales Miteinander.<\/p>\n<p align=\"justify\">Vor oder nach dem Essen verbringen die Kinder ihre Zeit nach ihren Bed\u00fcrfnissen, allein oder gemeinsam mit anderen. Sie haben Zeit zum <a href=\"https:\/\/schule-barlsheide.hamburg.de\/spielen-macht-schule-2014\/\">Spielen<\/a>, <a href=\"https:\/\/schule-barlsheide.hamburg.de\/gesunde-schule-2014-2015\/\">Toben<\/a>, Malen, Ausruhen, Lesen, Quatschen, &#8230; und\u00a0 entscheiden selbst, wie sie die Zeit verbringen m\u00f6chten. Daf\u00fcr stehen ihnen die Sporthalle, die Bibliothek, ein Aufenthaltsraum, Fachr\u00e4ume und der Schulhof offen. In allen diesen R\u00e4umen sind AnsprechpartnerInnen, die bei Bedarf f\u00fcr Unterst\u00fctzung sorgen. So k\u00f6nnen die Kinder abschalten und neue Kraft sch\u00f6pfen.<\/p>\n<p align=\"justify\">In allen Klassen sind 17 bis maximal 19 Sch\u00fclerinnen und Sch\u00fcler, die nach ihren individuellen Bed\u00fcrfnissen auf Grundlage des Bildungsplanes von einem Klassenteam unterrichtet werden. In vielen Stunden unterst\u00fctzt daher eine Fachkollegin, eine Sonderp\u00e4dagogin und\/oder eine Erzieher\/in den Unterricht, so dass ein umfassendes Forder- und F\u00f6rderangebot gegeben ist.<\/p>\n<p align=\"justify\">Als Schule im Schulversuch alles&gt;&gt;k\u00f6nner erproben wir neue Lernformen, begleiten die Kinder auf ihrem Lernweg und informieren und beraten in Lernentwicklungsgespr\u00e4chen Sch\u00fclerInnen und Eltern \u00fcber die Lernentwicklung und den Lernstand. Zum Schuljahresende erh\u00e4lt jedes Kind ein individuelles, kompetenzorientiertes Entwicklungsraster.<\/p>\n","protected":false},"excerpt":{"rendered":"<p>Die Ganztagesgrundschule Barlsheide liegt im Hamburger Stadtteil Osdorf, am Rande des dicht besiedelten Wohngebietes Osdorfer Born. Insgesamt werden mehr als 420 Kinder aus vielen verschiedenen L\u00e4ndern von \u00fcber 60 LehrerInnen,&#46;&#46;&#46;<\/p>\n","protected":false},"author":360,"featured_media":0,"parent":0,"menu_order":0,"comment_status":"closed","ping_status":"closed","template":"","meta":{"_acf_changed":false,"footnotes":""},"class_list":["post-44","page","type-page","status-publish","hentry"],"acf":[],"_links":{"self":[{"href":"https:\/\/schule-barlsheide.hamburg.de\/index.php?rest_route=\/wp\/v2\/pages\/44","targetHints":{"allow":["GET"]}}],"collection":[{"href":"https:\/\/schule-barlsheide.hamburg.de\/index.php?rest_route=\/wp\/v2\/pages"}],"about":[{"href":"https:\/\/schule-barlsheide.hamburg.de\/index.php?rest_route=\/wp\/v2\/types\/page"}],"author":[{"embeddable":true,"href":"https:\/\/schule-barlsheide.hamburg.de\/index.php?rest_route=\/wp\/v2\/users\/360"}],"replies":[{"embeddable":true,"href":"https:\/\/schule-barlsheide.hamburg.de\/index.php?rest_route=%2Fwp%2Fv2%2Fcomments&post=44"}],"version-history":[{"count":1,"href":"https:\/\/schule-barlsheide.hamburg.de\/index.php?rest_route=\/wp\/v2\/pages\/44\/revisions"}],"predecessor-version":[{"id":51,"href":"https:\/\/schule-barlsheide.hamburg.de\/index.php?rest_route=\/wp\/v2\/pages\/44\/revisions\/51"}],"wp:attachment":[{"href":"https:\/\/schule-barlsheide.hamburg.de\/index.php?rest_route=%2Fwp%2Fv2%2Fmedia&parent=44"}],"curies":[{"name":"wp","href":"https:\/\/api.w.org\/{rel}","templated":true}]}}