{"id":48,"date":"2015-10-03T10:41:49","date_gmt":"2015-10-03T08:41:49","guid":{"rendered":"http:\/\/schule-barlsheide.schulhomepages.hamburg.de\/?page_id=48"},"modified":"2026-01-29T11:45:48","modified_gmt":"2026-01-29T10:45:48","slug":"unser-tagesablauf","status":"publish","type":"page","link":"https:\/\/schule-barlsheide.hamburg.de\/?page_id=48","title":{"rendered":"Unser Tagesablauf"},"content":{"rendered":"<table style=\"width: 99%;height: 216px\" width=\"99%\">\n<tbody>\n<tr style=\"height: 24px\">\n<td style=\"height: 24px;width: 22.276736%\" width=\"15%\"><strong>Uhrzeit&nbsp;&nbsp;&nbsp;<\/strong>&nbsp;&nbsp;&nbsp;&nbsp; &nbsp;&nbsp;<\/td>\n<td style=\"height: 24px;width: 75.723264%\" width=\"83%\"><strong>Montag bis Freitag<\/strong><\/td>\n<\/tr>\n<tr style=\"height: 24px\">\n<td style=\"height: 24px;width: 22.276736%;text-align: left\" width=\"15%\">6.00 &#8211; 8.00 Uhr<\/td>\n<td style=\"height: 24px;width: 75.723264%\" width=\"83%\">Eingangsbetreuung durch den Hort nach Wunsch (kostenpflichtig)<\/td>\n<\/tr>\n<tr style=\"height: 24px\">\n<td style=\"height: 24px;width: 22.276736%;text-align: left\" width=\"15%\">1. &#8211; 3. Stunde<\/td>\n<td style=\"height: 24px;width: 75.723264%\" width=\"83%\">Unterricht, Fr\u00fchst\u00fcck, F\u00f6rderunterricht<\/td>\n<\/tr>\n<tr style=\"height: 24px\">\n<td style=\"height: 24px;width: 22.276736%;text-align: left\" width=\"15%\">&nbsp;<\/td>\n<td style=\"height: 24px;width: 75.723264%\" width=\"83%\">Fr\u00fchpause<\/td>\n<\/tr>\n<tr style=\"height: 24px\">\n<td style=\"height: 24px;width: 22.276736%;text-align: left\" width=\"15%\">4. &#8211; 5. Stunde<\/td>\n<td style=\"height: 24px;width: 75.723264%\" width=\"83%\">Unterricht, F\u00f6rderunterricht<\/td>\n<\/tr>\n<tr style=\"height: 24px\">\n<td style=\"height: 24px;width: 22.276736%;text-align: left\" width=\"15%\">&nbsp;<\/td>\n<td style=\"height: 24px;width: 75.723264%\" width=\"83%\">Mittagessen, Mittagspause, Angebote<\/td>\n<\/tr>\n<tr style=\"height: 24px\">\n<td style=\"height: 24px;width: 22.276736%;text-align: left\" width=\"15%\">bis 14.00 Uhr<\/td>\n<td style=\"height: 24px;width: 75.723264%\" width=\"83%\">Lernb\u00fcro\/\u00dcbungszeit<\/td>\n<\/tr>\n<tr style=\"height: 24px\">\n<td style=\"height: 24px;width: 22.276736%;text-align: left\" width=\"15%\">7. &#8211; 8. Stunde<\/td>\n<td style=\"height: 24px;width: 75.723264%\" width=\"83%\">kostenlose Kursangebote, F\u00f6rderunterricht<\/td>\n<\/tr>\n<tr style=\"height: 24px\">\n<td style=\"height: 24px;width: 22.276736%;text-align: left\" width=\"15%\">16.00 &#8211; 18.00 Uhr<\/td>\n<td style=\"height: 24px;width: 75.723264%\" width=\"83%\">Schlussbetreuung durch den Hort nach Wunsch (kostenpflichtig)<\/td>\n<\/tr>\n<\/tbody>\n<\/table>\n","protected":false},"excerpt":{"rendered":"<p>Uhrzeit&nbsp;&nbsp;&nbsp;&nbsp;&nbsp;&nbsp;&nbsp; &nbsp;&nbsp; Montag bis Freitag 6.00 &#8211; 8.00 Uhr Eingangsbetreuung durch den Hort nach Wunsch (kostenpflichtig) 1. &#8211; 3. Stunde Unterricht, Fr\u00fchst\u00fcck, F\u00f6rderunterricht &nbsp; Fr\u00fchpause 4. &#8211; 5. Stunde Unterricht,&#46;&#46;&#46;<\/p>\n","protected":false},"author":360,"featured_media":0,"parent":0,"menu_order":0,"comment_status":"closed","ping_status":"closed","template":"","meta":{"_acf_changed":false,"footnotes":""},"class_list":["post-48","page","type-page","status-publish","hentry"],"acf":[],"_links":{"self":[{"href":"https:\/\/schule-barlsheide.hamburg.de\/index.php?rest_route=\/wp\/v2\/pages\/48","targetHints":{"allow":["GET"]}}],"collection":[{"href":"https:\/\/schule-barlsheide.hamburg.de\/index.php?rest_route=\/wp\/v2\/pages"}],"about":[{"href":"https:\/\/schule-barlsheide.hamburg.de\/index.php?rest_route=\/wp\/v2\/types\/page"}],"author":[{"embeddable":true,"href":"https:\/\/schule-barlsheide.hamburg.de\/index.php?rest_route=\/wp\/v2\/users\/360"}],"replies":[{"embeddable":true,"href":"https:\/\/schule-barlsheide.hamburg.de\/index.php?rest_route=%2Fwp%2Fv2%2Fcomments&post=48"}],"version-history":[{"count":36,"href":"https:\/\/schule-barlsheide.hamburg.de\/index.php?rest_route=\/wp\/v2\/pages\/48\/revisions"}],"predecessor-version":[{"id":4400,"href":"https:\/\/schule-barlsheide.hamburg.de\/index.php?rest_route=\/wp\/v2\/pages\/48\/revisions\/4400"}],"wp:attachment":[{"href":"https:\/\/schule-barlsheide.hamburg.de\/index.php?rest_route=%2Fwp%2Fv2%2Fmedia&parent=48"}],"curies":[{"name":"wp","href":"https:\/\/api.w.org\/{rel}","templated":true}]}}